{"id":1296,"date":"2017-12-02T21:51:26","date_gmt":"2017-12-02T20:51:26","guid":{"rendered":"http:\/\/www.masdecadenet.fr\/?page_id=1296"},"modified":"2023-04-21T11:34:57","modified_gmt":"2023-04-21T10:34:57","slug":"telechargement","status":"publish","type":"page","link":"https:\/\/www.masdecadenet.fr\/index.php\/fr\/telechargement\/","title":{"rendered":"TELECHARGEMENT"},"content":{"rendered":"<p><img loading=\"lazy\" decoding=\"async\" class=\"alignnone wp-image-551 size-full\" src=\"http:\/\/www.masdecadenet.fr\/wp-content\/uploads\/2016\/11\/stebaume2.jpg\" alt=\"\" width=\"1600\" height=\"600\" srcset=\"https:\/\/www.masdecadenet.fr\/wp-content\/uploads\/2016\/11\/stebaume2.jpg 1600w, https:\/\/www.masdecadenet.fr\/wp-content\/uploads\/2016\/11\/stebaume2-600x225.jpg 600w, https:\/\/www.masdecadenet.fr\/wp-content\/uploads\/2016\/11\/stebaume2-800x300.jpg 800w, https:\/\/www.masdecadenet.fr\/wp-content\/uploads\/2016\/11\/stebaume2-768x288.jpg 768w\" sizes=\"auto, (max-width: 1600px) 100vw, 1600px\" \/><\/p>\n<ul>\n<li><a href=\"http:\/\/www.masdecadenet.fr\/wp-content\/uploads\/2020\/02\/presentation_Complete.FR_.pdf\">Pr\u00e9sentation du domaine et des vins<\/a><\/li>\n<li><a href=\"http:\/\/www.masdecadenet.fr\/wp-content\/uploads\/2020\/02\/Francais_Fiche-Techn..pdf\">Fiches techniques des vins<\/a><\/li>\n<li><a href=\"https:\/\/www.masdecadenet.fr\/wp-content\/uploads\/2023\/04\/FR-BIO-10.250-0002014.2023.001.pdf\" target=\"_blank\" rel=\"noopener\">Certificat Agriculture Biologique<\/a> Certifi\u00e9 par Bureau Veritas France<\/li>\n<li><a href=\"https:\/\/www.masdecadenet.fr\/wp-content\/uploads\/2021\/04\/MDC.BIO_.CER-OPT80259-C205699.pdf\" target=\"_blank\" rel=\"noopener\">Certification biologique<\/a> Mill\u00e9simes ant\u00e9rieurs\u00a0<\/li>\n<li><a href=\"http:\/\/www.masdecadenet.fr\/wp-content\/uploads\/2020\/02\/Palmares2019_A4.pdf\">R\u00e9compenses<\/a><\/li>\n<\/ul>\n","protected":false},"excerpt":{"rendered":"<p>Pr\u00e9sentation du domaine et des vins Fiches techniques des vins Certificat Agriculture Biologique Certifi\u00e9 par Bureau Veritas France Certification biologique Mill\u00e9simes ant\u00e9rieurs\u00a0 R\u00e9compenses<\/p>\n","protected":false},"author":1,"featured_media":0,"parent":0,"menu_order":0,"comment_status":"closed","ping_status":"closed","template":"","meta":{"footnotes":""},"class_list":["post-1296","page","type-page","status-publish","hentry"],"_links":{"self":[{"href":"https:\/\/www.masdecadenet.fr\/index.php\/wp-json\/wp\/v2\/pages\/1296","targetHints":{"allow":["GET"]}}],"collection":[{"href":"https:\/\/www.masdecadenet.fr\/index.php\/wp-json\/wp\/v2\/pages"}],"about":[{"href":"https:\/\/www.masdecadenet.fr\/index.php\/wp-json\/wp\/v2\/types\/page"}],"author":[{"embeddable":true,"href":"https:\/\/www.masdecadenet.fr\/index.php\/wp-json\/wp\/v2\/users\/1"}],"replies":[{"embeddable":true,"href":"https:\/\/www.masdecadenet.fr\/index.php\/wp-json\/wp\/v2\/comments?post=1296"}],"version-history":[{"count":14,"href":"https:\/\/www.masdecadenet.fr\/index.php\/wp-json\/wp\/v2\/pages\/1296\/revisions"}],"predecessor-version":[{"id":2433,"href":"https:\/\/www.masdecadenet.fr\/index.php\/wp-json\/wp\/v2\/pages\/1296\/revisions\/2433"}],"wp:attachment":[{"href":"https:\/\/www.masdecadenet.fr\/index.php\/wp-json\/wp\/v2\/media?parent=1296"}],"curies":[{"name":"wp","href":"https:\/\/api.w.org\/{rel}","templated":true}]}}