{"id":2443,"date":"2023-05-13T14:52:56","date_gmt":"2023-05-13T13:52:56","guid":{"rendered":"https:\/\/www.masdecadenet.fr\/?page_id=2443"},"modified":"2024-08-24T09:24:36","modified_gmt":"2024-08-24T08:24:36","slug":"evenements-au-mas","status":"publish","type":"page","link":"https:\/\/www.masdecadenet.fr\/index.php\/fr\/evenements-au-mas\/","title":{"rendered":"\u00c9V\u00c9NEMENTS AU MAS"},"content":{"rendered":"<figure class=\"wp-block-video\"><video height=\"360\" style=\"aspect-ratio: 640 \/ 360;\" width=\"640\" controls src=\"https:\/\/www.masdecadenet.fr\/wp-content\/uploads\/2023\/05\/SOIREE-ECHAPPEES-BELLES-HD-1080p-SD-480p-1.mov\"><\/video><\/figure>\n<p class=\"has-text-align-center\"><strong>LES \u00c9CHAPP\u00c9ES BELLES AU MAS DE CADENET<\/strong><\/p>\n<p><strong>AU PROGRAMME:<\/strong><br \/>Les \u00c9chapp\u00e9es Belles reviennent au mois de Juin au Mas de Cadenet !<br \/>Dans une ambiance d\u00e9contract\u00e9e et conviviale, venez profiter de superbes couchers de soleil sur la montagne Sainte Victoire sur un fond musical avec un verre de vin et de d\u00e9licieux plats pr\u00e9par\u00e9s sur place par un foodtruck.<\/p>\n<p><strong>R\u00c9SERVATION:<br \/><\/strong>Le nombre de place est limit\u00e9e et la r\u00e9servation obligatoire depuis le site billet web. <a href=\"https:\/\/www.billetweb.fr\/pro\/masdecadenet\" target=\"_blank\" rel=\"noreferrer noopener\">https:\/\/www.billetweb.fr\/pro\/masdecadenet<\/a><\/p>\n","protected":false},"excerpt":{"rendered":"<p>LES \u00c9CHAPP\u00c9ES BELLES AU MAS DE CADENET AU PROGRAMME:Les \u00c9chapp\u00e9es Belles reviennent au mois de Juin au Mas de Cadenet !Dans une ambiance d\u00e9contract\u00e9e et conviviale, venez profiter de superbes couchers de soleil sur la montagne Sainte Victoire sur un fond musical avec un verre de vin et de d\u00e9licieux plats pr\u00e9par\u00e9s sur place par [&hellip;]\n","protected":false},"author":1,"featured_media":0,"parent":0,"menu_order":0,"comment_status":"closed","ping_status":"closed","template":"","meta":{"footnotes":""},"class_list":["post-2443","page","type-page","status-publish","hentry"],"_links":{"self":[{"href":"https:\/\/www.masdecadenet.fr\/index.php\/wp-json\/wp\/v2\/pages\/2443","targetHints":{"allow":["GET"]}}],"collection":[{"href":"https:\/\/www.masdecadenet.fr\/index.php\/wp-json\/wp\/v2\/pages"}],"about":[{"href":"https:\/\/www.masdecadenet.fr\/index.php\/wp-json\/wp\/v2\/types\/page"}],"author":[{"embeddable":true,"href":"https:\/\/www.masdecadenet.fr\/index.php\/wp-json\/wp\/v2\/users\/1"}],"replies":[{"embeddable":true,"href":"https:\/\/www.masdecadenet.fr\/index.php\/wp-json\/wp\/v2\/comments?post=2443"}],"version-history":[{"count":7,"href":"https:\/\/www.masdecadenet.fr\/index.php\/wp-json\/wp\/v2\/pages\/2443\/revisions"}],"predecessor-version":[{"id":2512,"href":"https:\/\/www.masdecadenet.fr\/index.php\/wp-json\/wp\/v2\/pages\/2443\/revisions\/2512"}],"wp:attachment":[{"href":"https:\/\/www.masdecadenet.fr\/index.php\/wp-json\/wp\/v2\/media?parent=2443"}],"curies":[{"name":"wp","href":"https:\/\/api.w.org\/{rel}","templated":true}]}}