{"id":249,"date":"2016-07-05T18:22:57","date_gmt":"2016-07-05T17:22:57","guid":{"rendered":"http:\/\/www.masdecadenet.fr\/?page_id=249"},"modified":"2024-08-17T16:32:50","modified_gmt":"2024-08-17T15:32:50","slug":"mas-de-cadenet","status":"publish","type":"page","link":"https:\/\/www.masdecadenet.fr\/index.php\/fr\/mas-de-cadenet\/","title":{"rendered":"MAS DE CADENET"},"content":{"rendered":"<div class=\"wp-block-cover is-light has-background-dim-NaN\" style=\"min-height:487px;aspect-ratio:unset;\"><span aria-hidden=\"true\" class=\"wp-block-cover__background has-background-dim-10 has-background-dim\"><\/span><img decoding=\"async\" class=\"wp-block-cover__image-background wp-image-1568\" alt=\"\" src=\"http:\/\/www.masdecadenet.fr\/wp-content\/uploads\/2020\/02\/Mas-de-Cadenet-HD-001.jpg\" data-object-fit=\"cover\"\/><\/p>\n<div class=\"wp-block-cover__inner-container is-layout-flow wp-block-cover-is-layout-flow\">\n<h1 class=\"wp-block-heading\"><strong>LE VIN EMBL\u00c9MATIQUE DU TERROIR SAINTE-VICTOIRE<\/strong> <\/h1>\n<p class=\"has-very-dark-gray-color has-very-light-gray-background-color has-text-color has-background\">La Cuv\u00e9e \u00e9ponyme du domaine  incarne avec sinc\u00e9rit\u00e9 l&#8217;identit\u00e9 de ce site \u00e9clatant, cisel\u00e9 et envo\u00fbtant. Les calcaires et le microclimat septentrional de la Sainte-Victoire d\u00e9livrent des vins concentr\u00e9s port\u00e9s par la fra\u00eecheur.<br \/>On retrouve ces vins chez les plus c\u00e9l\u00e8bres institutions:  L\u2019h\u00f4tel de Crillon \u00e0 Paris, L\u2019Eden Roc au Cap d\u2019Antibes, Le Caf\u00e9 de Paris \u00e0 Monaco, Le Grillon sur le Cours Mirabeau \u00e0 Aix en Provence, Mandarain Oriental \u00e0 Gen\u00e8ves, Helen\u2019s wines \u00e0 Los Angeles,  pour ne citer qu&#8217;eux et sans oublier bien d\u2019autres que nous appr\u00e9cions tant \u2026<\/p>\n<div class=\"wp-block-image\">\n<figure class=\"alignright size-large is-resized\"><img loading=\"lazy\" decoding=\"async\" src=\"http:\/\/www.masdecadenet.fr\/wp-content\/uploads\/2016\/07\/bio.HD_-1.jpg\" alt=\"\" class=\"wp-image-670\" width=\"118\" height=\"52\"\/><\/figure>\n<\/div>\n<\/div>\n<\/div>\n<hr class=\"wp-block-separator has-css-opacity\"\/>\n<h3 class=\"wp-block-heading\">&nbsp;<\/h3>\n\t<div  class=\"row container \">\n<div class=\"small-12    large-4  columns   \"  ><div class=\"column-inner\"  >\n<h2 style=\"text-align: right;\">MAS DE CADENET&nbsp;ROSE<\/h2>\n<p><img loading=\"lazy\" decoding=\"async\" class=\"alignnone wp-image-1568 size-thumbnail\" src=\"http:\/\/www.masdecadenet.fr\/wp-content\/uploads\/2020\/02\/Mas-de-Cadenet-HD-001-340x340.jpg\" alt=\"\" width=\"340\" height=\"340\" srcset=\"https:\/\/www.masdecadenet.fr\/wp-content\/uploads\/2020\/02\/Mas-de-Cadenet-HD-001-340x340.jpg 340w, https:\/\/www.masdecadenet.fr\/wp-content\/uploads\/2020\/02\/Mas-de-Cadenet-HD-001-scaled-300x300.jpg 300w, https:\/\/www.masdecadenet.fr\/wp-content\/uploads\/2020\/02\/Mas-de-Cadenet-HD-001-scaled-100x100.jpg 100w\" sizes=\"auto, (max-width: 340px) 100vw, 340px\" \/><\/p>\n<\/div><\/div>\n<div class=\"small-12    large-8  columns   \"  ><div class=\"column-inner\"  ><\/div><\/div>\n<p style=\"text-align: justify;\"><strong>LE STYLE<br \/>\n<\/strong>Le microclimat septentrional de la Sainte Victoire et notre sol particuli\u00e8rement calcaire apporte une magnifique tension \u00e0 ce ros\u00e9. Ce ros\u00e9 s\u2019appr\u00e9cie naturellement \u00e0 l\u2019ap\u00e9ritif, mais sa texture et sa longueur \u00e9tonnante en fait un vin gastronomique qui peut faire \u00e9cho \u00e0 une cuisine fra\u00eeche et d\u00e9licate.<br \/>\nCe vin se marie volontiers \u00e0 des plats frais en tartare, ceviche, verrine, mousse. Il pourra aussi s\u2019associer \u00e0 des cuissons l\u00e9g\u00e8res qui pr\u00e9servent la fra\u00eecheur des mets telle que des cuissons vapeurs ou rapides en snacking, plancha, ou en \u00ab aller-retour \u00bb.<\/p>\n<p><b>LA D\u00c9GUSTATION<\/b><br \/>\nUne belle robe claire. Un nez fin et complexe \u00e0 la fois fruit\u00e9 et floral. La bouche est bien \u00e9quilibr\u00e9e : frais tout en ayant du volume. Vin de repas \u00e0 servir \u00e0 12\u00b0c.<\/p>\n<p><b>LES C\u00c9PAGES<\/b><br \/>\nGrenache \u2013 Cinsault \u2013 Syrah<\/p>\n<h5 class=\"alt-font thin-font\" style=\"text-align: right;\"><a href=\"https:\/\/www.masdecadenet.fr\/wp-content\/uploads\/2024\/08\/FT_MasdeCadenet_rose_fr.pdf\" target=\"_blank\" rel=\"noopener noreferrer\">T\u00e9l\u00e9charger la fiche technique<\/a><\/h5>\n<\/div>\n  \n<hr class=\"wp-block-separator has-css-opacity\"\/>\n\t<div  class=\"row container \">\n<div class=\"small-12    large-4  columns   \"  ><div class=\"column-inner\"  >\n<h2 style=\"text-align: right;\">MAS DE CADENET&nbsp;BLANC<\/h2>\n<p><img loading=\"lazy\" decoding=\"async\" class=\"alignnone wp-image-1594 size-thumbnail\" src=\"http:\/\/www.masdecadenet.fr\/wp-content\/uploads\/2020\/02\/Mas-de-Cadenet-HD-046-340x340.jpg\" alt=\"\" width=\"340\" height=\"340\" srcset=\"https:\/\/www.masdecadenet.fr\/wp-content\/uploads\/2020\/02\/Mas-de-Cadenet-HD-046-340x340.jpg 340w, https:\/\/www.masdecadenet.fr\/wp-content\/uploads\/2020\/02\/Mas-de-Cadenet-HD-046-scaled-300x300.jpg 300w, https:\/\/www.masdecadenet.fr\/wp-content\/uploads\/2020\/02\/Mas-de-Cadenet-HD-046-scaled-100x100.jpg 100w\" sizes=\"auto, (max-width: 340px) 100vw, 340px\" \/><\/p>\n<\/div><\/div>\n<div class=\"small-12    large-8  columns   \"  ><div class=\"column-inner\"  >\n<p style=\"text-align: justify;\"><strong>LE STYLE<br \/>\n<\/strong>Le Rolle, c\u00e9page end\u00e9mique \u00e0 la Provence, offre ici une merveilleuse expression. L\u2019exub\u00e9rance aromatique et l\u2019ampleur naturelle du rolle trouve une finesse et fra\u00eecheur particuli\u00e8re sur les calcaires de la sainte Victoire.<br \/>\nDans sa jeunesse, ce blanc frais et sec s\u2019accompagnera divinement avec des mets des coquillages, des poissons ou fromages frais. Ce blanc poss\u00e8de aussi un beau potentiel, apr\u00e8s quelques ann\u00e9es son ossature s\u2019\u00e9toffera et accompagnera les volailles et viandes blanches.<\/p>\n<p><b>LA D\u00c9GUSTATION<\/b><br \/>\nUne robe cristalline. Un nez fin typ\u00e9 de fruits exotiques: citron, ananas, poire \u2026. Une bouche harmonieuse, ample et fra\u00eeche avec une belle longueur. Servir 12\u00b0c.<\/p>\n<p style=\"text-align: justify;\"><b>LE C\u00c9PAGE<\/b><br \/>\n100% Rolle<\/p>\n<h5 class=\"alt-font thin-font\" style=\"text-align: right;\"><a href=\"http:\/\/www.masdecadenet.fr\/wp-content\/uploads\/2020\/03\/FT_MasdeCadenet_blanc_fr.pdf\" target=\"_blank\" rel=\"noopener noreferrer\">T\u00e9l\u00e9charger la fiche technique<\/a><\/h5>\n<\/div><\/div>\n<\/div>\n  \n<hr class=\"wp-block-separator has-css-opacity\"\/>\n\t<div  class=\"row container \">\n<div class=\"small-12    large-4  columns   \"  ><div class=\"column-inner\"  >\n<h2 style=\"text-align: right;\">MAS DE CADENET&nbsp;ROUGE<\/h2>\n<p><img loading=\"lazy\" decoding=\"async\" class=\"alignnone wp-image-1571 size-thumbnail\" src=\"http:\/\/www.masdecadenet.fr\/wp-content\/uploads\/2020\/02\/Mas-de-Cadenet-HD-052-340x340.jpg\" alt=\"\" width=\"340\" height=\"340\" srcset=\"https:\/\/www.masdecadenet.fr\/wp-content\/uploads\/2020\/02\/Mas-de-Cadenet-HD-052-340x340.jpg 340w, https:\/\/www.masdecadenet.fr\/wp-content\/uploads\/2020\/02\/Mas-de-Cadenet-HD-052-scaled-300x300.jpg 300w, https:\/\/www.masdecadenet.fr\/wp-content\/uploads\/2020\/02\/Mas-de-Cadenet-HD-052-scaled-100x100.jpg 100w\" sizes=\"auto, (max-width: 340px) 100vw, 340px\" \/><\/p>\n<\/div><\/div>\n<div class=\"small-12    large-8  columns   \"  ><div class=\"column-inner\"  >\n<p style=\"text-align: justify;\"><strong>LE STYLE<br \/>\n<\/strong>Nos sols tr\u00e8s caillouteux, la faible hydrom\u00e9trie impliquent de petits rendements offrant de belles concentrations au vin. De leurs c\u00f4t\u00e9s, les aspects septentrionaux du climat apportent complexit\u00e9 et fra\u00eecheur au vin. La syrah et le grenache apportent de jolies fruits noirs et \u00e9pices fra\u00eeches sur des tanins allong\u00e9s.<br \/>\nIl en r\u00e9sulte un rouge de moyenne garde, franc et puissant qui ira parfaitement sur des viandes rouges persill\u00e9s ou grill\u00e9s. &nbsp;Au cours des quinze ann\u00e9es suivantes, ses tanins se polirons, le vin rouge gagnera en souplesse et en complexit\u00e9.<\/p>\n<p><b>LA D\u00c9GUSTATION<\/b><br \/>\nRobe cardinale. Son nez, tr\u00e8s pr\u00e9sent, est typ\u00e9: fruits noirs mac\u00e9r\u00e9s, \u00e9pic\u00e9s et venaisons. En bouche ce vin est structur\u00e9 et savoureux avec des ar\u00f4mes de fruits et d\u2019\u00e9pices. (17\u00b0c)<\/p>\n<p><b>LES C\u00c9PAGES<\/b><br \/>\n70% Syrah \u2013 30% Grenache<\/p>\n<h5 class=\"alt-font thin-font\" style=\"text-align: right;\"><a href=\"http:\/\/www.masdecadenet.fr\/wp-content\/uploads\/2020\/03\/FT_MasdeCadenet_rouge_fr.pdf\" target=\"_blank\" rel=\"noopener noreferrer\">T\u00e9l\u00e9charger la fiche technique<\/a><\/h5>\n<\/div><\/div>\n<\/div>\n  \n\n\t\t<div class=\"social-icons share-row\">\n\t\t\t\t<a href=\"whatsapp:\/\/send?text=MAS%2520DE%2520CADENET%20-%20https%3A%2F%2Fwww.masdecadenet.fr%2Findex.php%2Ffr%2Fmas-de-cadenet%2F\" data-action=\"share\/whatsapp\/share\" class=\"icon icon_whatsapp tip-top\" rel=\"nofollow\" title=\"Share on WhatsApp\"><span class=\"icon-phone\" \/><\/a>\t\t<a href=\"http:\/\/www.facebook.com\/sharer.php?u=https:\/\/www.masdecadenet.fr\/index.php\/fr\/mas-de-cadenet\/\" onclick=\"window.open(this.href,this.title,'width=500,height=500,top=300px,left=300px');  return false;\"  rel=\"nofollow\" target=\"_blank\" class=\"icon icon_facebook tip-top\" title=\"Share on Facebook\"><span class=\"icon-facebook\"><\/span><\/a>\t\t<a href=\"https:\/\/twitter.com\/share?url=https:\/\/www.masdecadenet.fr\/index.php\/fr\/mas-de-cadenet\/\" onclick=\"window.open(this.href,this.title,'width=500,height=500,top=300px,left=300px');  return false;\"  rel=\"nofollow\" target=\"_blank\" class=\"icon icon_twitter tip-top\" title=\"Share on Twitter\"><span class=\"icon-twitter\"><\/span><\/a>\t\t<a href=\"mailto:enteryour@addresshere.com?subject=MAS%20DE%20CADENET&amp;body=Check%20this%20out:%20https:\/\/www.masdecadenet.fr\/index.php\/fr\/mas-de-cadenet\/\" rel=\"nofollow\" class=\"icon icon_email tip-top\" title=\"Email to a Friend\"><span class=\"icon-envelop\"><\/span><\/a>\t\t<a href=\"\/\/www.linkedin.com\/shareArticle?mini=true&url=https:\/\/www.masdecadenet.fr\/index.php\/fr\/mas-de-cadenet\/&title=MAS%20DE%20CADENET\" onclick=\"window.open(this.href,this.title,'width=500,height=500,top=300px,left=300px');  return false;\"  rel=\"nofollow\" target=\"_blank\" class=\"icon icon_linkedin tip-top\" title=\"Share on LinkedIn\"><span class=\"icon-linkedin\"><\/span><\/a>\t\t<a href=\"\/\/pinterest.com\/pin\/create\/button\/?url=https:\/\/www.masdecadenet.fr\/index.php\/fr\/mas-de-cadenet\/&amp;media=&amp;description=MAS%20DE%20CADENET\" onclick=\"window.open(this.href,this.title,'width=500,height=500,top=300px,left=300px');  return false;\"  rel=\"nofollow\" target=\"_blank\" class=\"icon icon_pintrest tip-top\" title=\"Pin on Pinterest\"><span class=\"icon-pinterest\"><\/span><\/a>\t\t<a href=\"\/\/plus.google.com\/share?url=https:\/\/www.masdecadenet.fr\/index.php\/fr\/mas-de-cadenet\/\" target=\"_blank\" class=\"icon icon_googleplus tip-top\" onclick=\"window.open(this.href,this.title,'width=500,height=500,top=300px,left=300px');  return false;\"  rel=\"nofollow\" title=\"Share on Google+\"><span class=\"icon-google-plus\"><\/span><\/a>\t\t<a href=\"\/\/tumblr.com\/widgets\/share\/tool?canonicalUrl=https:\/\/www.masdecadenet.fr\/index.php\/fr\/mas-de-cadenet\/\" target=\"_blank\" class=\"icon icon_tumblr tip-top\" onclick=\"window.open(this.href,this.title,'width=500,height=500,top=300px,left=300px');  return false;\"  rel=\"nofollow\" title=\"Share on Tumblr\"><span class=\"icon-tumblr\"><\/span><\/a>\t\t    <\/div>\n\n    \n    \n","protected":false},"excerpt":{"rendered":"<p>&nbsp;<\/p>\n","protected":false},"author":1,"featured_media":0,"parent":0,"menu_order":0,"comment_status":"closed","ping_status":"closed","template":"","meta":{"footnotes":""},"class_list":["post-249","page","type-page","status-publish","hentry"],"_links":{"self":[{"href":"https:\/\/www.masdecadenet.fr\/index.php\/wp-json\/wp\/v2\/pages\/249","targetHints":{"allow":["GET"]}}],"collection":[{"href":"https:\/\/www.masdecadenet.fr\/index.php\/wp-json\/wp\/v2\/pages"}],"about":[{"href":"https:\/\/www.masdecadenet.fr\/index.php\/wp-json\/wp\/v2\/types\/page"}],"author":[{"embeddable":true,"href":"https:\/\/www.masdecadenet.fr\/index.php\/wp-json\/wp\/v2\/users\/1"}],"replies":[{"embeddable":true,"href":"https:\/\/www.masdecadenet.fr\/index.php\/wp-json\/wp\/v2\/comments?post=249"}],"version-history":[{"count":61,"href":"https:\/\/www.masdecadenet.fr\/index.php\/wp-json\/wp\/v2\/pages\/249\/revisions"}],"predecessor-version":[{"id":2498,"href":"https:\/\/www.masdecadenet.fr\/index.php\/wp-json\/wp\/v2\/pages\/249\/revisions\/2498"}],"wp:attachment":[{"href":"https:\/\/www.masdecadenet.fr\/index.php\/wp-json\/wp\/v2\/media?parent=249"}],"curies":[{"name":"wp","href":"https:\/\/api.w.org\/{rel}","templated":true}]}}