{"id":276,"date":"2016-07-06T10:13:57","date_gmt":"2016-07-06T09:13:57","guid":{"rendered":"http:\/\/www.masdecadenet.fr\/?page_id=276"},"modified":"2016-11-29T19:20:37","modified_gmt":"2016-11-29T18:20:37","slug":"cuvee-bicentenaire","status":"publish","type":"page","link":"https:\/\/www.masdecadenet.fr\/index.php\/fr\/cuvee-bicentenaire\/","title":{"rendered":"CUVEE BICENTENAIRE"},"content":{"rendered":"   <div id=\"banner_913149444\" class=\"ux_banner light    \"  style=\"height:300px; \" data-height=\"300px\" role=\"banner\">\n                                  <div class=\"banner-bg \"  style=\"background-image:url('https:\/\/www.masdecadenet.fr\/wp-content\/uploads\/2016\/07\/etiq.bicentenaire-1600x600.jpg'); \"><img decoding=\"async\" src=\"https:\/\/www.masdecadenet.fr\/wp-content\/uploads\/2016\/07\/etiq.bicentenaire-1600x600.jpg\"  alt=\"\" style=\"visibility:hidden;\" \/><\/div>\n                             <div class=\"row\" >\n          <div class=\"inner far-right center text-center text-boxed\"  style=\"width:35%;\">\n            <div class=\"inner-wrap animated fadeIn\" style=\"background-color:rgba(255,255,255,0.9); padding:30px\">\n              <h4 class=\"thin-font alt-font\" style=\"text-align: right;\">La cuv\u00e9e Bicentenaire est un&nbsp;grand rouge limit\u00e9e de 4500 bouteilles pour c\u00e9l\u00e9brer le travail des six pr\u00e9c\u00e9dentes g\u00e9n\u00e9rations de N\u00e9grel qui ont construit la r\u00e9putation du domaine.<\/h4>\n            <\/div>\n          <\/div>  \n        <\/div>\n                     <\/div><!-- end .ux_banner -->\n\n<hr>\n<h2><\/h2>\n\t<div  class=\"row container \">\n<div class=\"small-12    large-4  columns   \"  ><div class=\"column-inner\"  >\n<p><img loading=\"lazy\" decoding=\"async\" class=\"alignnone size-full wp-image-779\" src=\"http:\/\/www.masdecadenet.fr\/wp-content\/uploads\/2016\/07\/mdc.bicentenaire2.jpg\" alt=\"mdc-bicentenaire2\" width=\"150\" height=\"594\"><\/p>\n<\/div><\/div>\n<div class=\"small-12    large-8  columns   \"  ><div class=\"column-inner\"  >\n<p><strong>VINIFICATION<\/strong><br \/>\nS\u00e9lection parcellaire :<br \/>\n70% Syrah Parcelle Fortunette<br \/>\n30% Grenache Parcelle Figui\u00e8res.<br \/>\n<strong>VINIFICATION<\/strong><br \/>\nEraflage des grappes<br \/>\nFermentation alcoolique \u00e0 30\u00b0c avec pigeages.<br \/>\nMac\u00e9ration post-fermentaire de 10 jours \u00e0 30\u00b0c avec remontages<br \/>\nFermentation malo-lactique<br \/>\nAssemblage des c\u00e9pages<br \/>\nPas de filtration &amp; pas d\u2019\u00e9levage<br \/>\n<strong>MILLESIME 2010<\/strong><br \/>\nPrintemps pluvieux mais sans maladie, \u00e9t\u00e9 avec deux pluies bien positionn\u00e9es. Mill\u00e9sime riche et \u00e9quilibr\u00e9.<br \/>\n<strong>DEGUSTATION<\/strong><br \/>\nUne robe brillante aux reflets violets. Une bouche ample et profonde avec un intense parfum de fruit noir, de violette, chocolat et d\u2019\u00e9pices fraiches. La longueur est tout en d\u00e9licatesse avec des tanins a\u00e9riens. Servir entre 18 et 20 \u00b0c avec des mets d\u00e9licats tel que des cailles ou des gibiers \u00e0 plumes\u2026<br \/>\n<strong>FORMAT UNIQUE<\/strong><br \/>\n75cl<\/p>\n<h5 class=\"alt-font thin-font\" style=\"text-align: right;\">T\u00e9l\u00e9charger la fichier technique<\/h5>\n<\/div><\/div>\n<h2>\n<\/h2>\n<\/div>\n  \n\n\t\t<div class=\"social-icons share-row\">\n\t\t\t\t<a href=\"whatsapp:\/\/send?text=CUVEE%2520BICENTENAIRE%20-%20https%3A%2F%2Fwww.masdecadenet.fr%2Findex.php%2Ffr%2Fcuvee-bicentenaire%2F\" data-action=\"share\/whatsapp\/share\" class=\"icon icon_whatsapp tip-top\" rel=\"nofollow\" title=\"Share on WhatsApp\"><span class=\"icon-phone\" \/><\/a>\t\t<a href=\"http:\/\/www.facebook.com\/sharer.php?u=https:\/\/www.masdecadenet.fr\/index.php\/fr\/cuvee-bicentenaire\/\" onclick=\"window.open(this.href,this.title,'width=500,height=500,top=300px,left=300px');  return false;\"  rel=\"nofollow\" target=\"_blank\" class=\"icon icon_facebook tip-top\" title=\"Share on Facebook\"><span class=\"icon-facebook\"><\/span><\/a>\t\t<a href=\"https:\/\/twitter.com\/share?url=https:\/\/www.masdecadenet.fr\/index.php\/fr\/cuvee-bicentenaire\/\" onclick=\"window.open(this.href,this.title,'width=500,height=500,top=300px,left=300px');  return false;\"  rel=\"nofollow\" target=\"_blank\" class=\"icon icon_twitter tip-top\" title=\"Share on Twitter\"><span class=\"icon-twitter\"><\/span><\/a>\t\t<a href=\"mailto:enteryour@addresshere.com?subject=CUVEE%20BICENTENAIRE&amp;body=Check%20this%20out:%20https:\/\/www.masdecadenet.fr\/index.php\/fr\/cuvee-bicentenaire\/\" rel=\"nofollow\" class=\"icon icon_email tip-top\" title=\"Email to a Friend\"><span class=\"icon-envelop\"><\/span><\/a>\t\t<a href=\"\/\/www.linkedin.com\/shareArticle?mini=true&url=https:\/\/www.masdecadenet.fr\/index.php\/fr\/cuvee-bicentenaire\/&title=CUVEE%20BICENTENAIRE\" onclick=\"window.open(this.href,this.title,'width=500,height=500,top=300px,left=300px');  return false;\"  rel=\"nofollow\" target=\"_blank\" class=\"icon icon_linkedin tip-top\" title=\"Share on LinkedIn\"><span class=\"icon-linkedin\"><\/span><\/a>\t\t<a href=\"\/\/pinterest.com\/pin\/create\/button\/?url=https:\/\/www.masdecadenet.fr\/index.php\/fr\/cuvee-bicentenaire\/&amp;media=&amp;description=CUVEE%20BICENTENAIRE\" onclick=\"window.open(this.href,this.title,'width=500,height=500,top=300px,left=300px');  return false;\"  rel=\"nofollow\" target=\"_blank\" class=\"icon icon_pintrest tip-top\" title=\"Pin on Pinterest\"><span class=\"icon-pinterest\"><\/span><\/a>\t\t<a href=\"\/\/plus.google.com\/share?url=https:\/\/www.masdecadenet.fr\/index.php\/fr\/cuvee-bicentenaire\/\" target=\"_blank\" class=\"icon icon_googleplus tip-top\" onclick=\"window.open(this.href,this.title,'width=500,height=500,top=300px,left=300px');  return false;\"  rel=\"nofollow\" title=\"Share on Google+\"><span class=\"icon-google-plus\"><\/span><\/a>\t\t<a href=\"\/\/tumblr.com\/widgets\/share\/tool?canonicalUrl=https:\/\/www.masdecadenet.fr\/index.php\/fr\/cuvee-bicentenaire\/\" target=\"_blank\" class=\"icon icon_tumblr tip-top\" onclick=\"window.open(this.href,this.title,'width=500,height=500,top=300px,left=300px');  return false;\"  rel=\"nofollow\" title=\"Share on Tumblr\"><span class=\"icon-tumblr\"><\/span><\/a>\t\t    <\/div>\n\n    \n    \n","protected":false},"excerpt":{"rendered":"","protected":false},"author":1,"featured_media":0,"parent":0,"menu_order":0,"comment_status":"closed","ping_status":"closed","template":"","meta":{"footnotes":""},"class_list":["post-276","page","type-page","status-publish","hentry"],"_links":{"self":[{"href":"https:\/\/www.masdecadenet.fr\/index.php\/wp-json\/wp\/v2\/pages\/276","targetHints":{"allow":["GET"]}}],"collection":[{"href":"https:\/\/www.masdecadenet.fr\/index.php\/wp-json\/wp\/v2\/pages"}],"about":[{"href":"https:\/\/www.masdecadenet.fr\/index.php\/wp-json\/wp\/v2\/types\/page"}],"author":[{"embeddable":true,"href":"https:\/\/www.masdecadenet.fr\/index.php\/wp-json\/wp\/v2\/users\/1"}],"replies":[{"embeddable":true,"href":"https:\/\/www.masdecadenet.fr\/index.php\/wp-json\/wp\/v2\/comments?post=276"}],"version-history":[{"count":7,"href":"https:\/\/www.masdecadenet.fr\/index.php\/wp-json\/wp\/v2\/pages\/276\/revisions"}],"predecessor-version":[{"id":784,"href":"https:\/\/www.masdecadenet.fr\/index.php\/wp-json\/wp\/v2\/pages\/276\/revisions\/784"}],"wp:attachment":[{"href":"https:\/\/www.masdecadenet.fr\/index.php\/wp-json\/wp\/v2\/media?parent=276"}],"curies":[{"name":"wp","href":"https:\/\/api.w.org\/{rel}","templated":true}]}}