{"id":279,"date":"2016-07-06T10:19:37","date_gmt":"2016-07-06T09:19:37","guid":{"rendered":"http:\/\/www.masdecadenet.fr\/?page_id=279"},"modified":"2024-08-20T17:00:44","modified_gmt":"2024-08-20T16:00:44","slug":"echapeebelle","status":"publish","type":"page","link":"https:\/\/www.masdecadenet.fr\/index.php\/fr\/echapeebelle\/","title":{"rendered":"L&#8217;\u00c9CHAPP\u00c9E BELLE"},"content":{"rendered":"<h3 class=\"wp-block-heading\">&nbsp;<\/h3>\n<div class=\"wp-block-cover is-light\"><span aria-hidden=\"true\" class=\"wp-block-cover__background has-background-dim-10 has-background-dim\"><\/span><img decoding=\"async\" class=\"wp-block-cover__image-background wp-image-1549\" alt=\"\" src=\"http:\/\/www.masdecadenet.fr\/wp-content\/uploads\/2020\/02\/Mas-de-Cadenet-HD-034.jpg\" data-object-fit=\"cover\"\/><\/p>\n<div class=\"wp-block-cover__inner-container is-layout-flow wp-block-cover-is-layout-flow\">\n<h1 class=\"wp-block-heading\"><strong>LE VIN H\u00c9DONISTE POUR S&#8217;\u00c9CHAPPER EN PROVENCE<\/strong> <\/h1>\n<p class=\"has-very-dark-gray-color has-very-light-gray-background-color has-text-color has-background has-normal-font-size\">Le Mas de Cadenet, domaine historique du terroir Sainte-Victoire, propose ici une \u00e9chapp\u00e9e belle en C\u00f4tes de Provence avec ces vins joyeux et gourmands. Ces vins se distinguent par un fruit intense au plaisir imm\u00e9diat. Fermez les yeux, vous entendez d\u00e9j\u00e0 le chant des vacances&#8230;<br \/>Vous pouvez aussi retrourver L&#8217;\u00c9chapp\u00e9e Belle chez Renoma \u00e0 Paris, Ka-De-We \u00e0 Berlin, \u00e0 La Wine Socitey \u00e0 Londres&#8230;<\/p>\n<div class=\"wp-block-image\">\n<figure class=\"alignright size-large is-resized\"><img loading=\"lazy\" decoding=\"async\" src=\"http:\/\/www.masdecadenet.fr\/wp-content\/uploads\/2016\/07\/bio.HD_-1.jpg\" alt=\"\" class=\"wp-image-670\" width=\"118\" height=\"52\"\/><\/figure>\n<\/div>\n<\/div>\n<\/div>\n<hr class=\"wp-block-separator has-css-opacity\"\/>\n<div class=\"wp-block-group\">\n<div class=\"wp-block-group__inner-container is-layout-flow wp-block-group-is-layout-flow\">\t<div  class=\"row container \">\n<div class=\"small-12    large-4  columns   \"  ><div class=\"column-inner\"  >\n<h2 style=\"text-align: right;\">L\u2019\u00c9CHAPP\u00c9E BELLE ROSE<\/h2>\n<p><img loading=\"lazy\" decoding=\"async\" class=\"alignnone wp-image-1549 size-thumbnail\" src=\"http:\/\/www.masdecadenet.fr\/wp-content\/uploads\/2020\/02\/Mas-de-Cadenet-HD-034-340x340.jpg\" alt=\"\" width=\"340\" height=\"340\" srcset=\"https:\/\/www.masdecadenet.fr\/wp-content\/uploads\/2020\/02\/Mas-de-Cadenet-HD-034-340x340.jpg 340w, https:\/\/www.masdecadenet.fr\/wp-content\/uploads\/2020\/02\/Mas-de-Cadenet-HD-034-scaled-300x300.jpg 300w, https:\/\/www.masdecadenet.fr\/wp-content\/uploads\/2020\/02\/Mas-de-Cadenet-HD-034-scaled-100x100.jpg 100w\" sizes=\"auto, (max-width: 340px) 100vw, 340px\" \/><\/p>\n<\/div><\/div>\n<div class=\"small-12    large-8  columns   \"  ><div class=\"column-inner\"  >\n<p><b>LE STYLE<br \/>\n<\/b>Son assemblage original, avec une large proportion de cinsault, lui conf\u00e8re un registre aromatique tr\u00e8s floral avec beaucoup de finesse. Le compl\u00e9ment de syrah et de rolle apporte un regain d\u2019intensit\u00e9 sur les agrumes.<br \/>\nLa finesse et la fra\u00eecheur de ce ros\u00e9 ne peut laisser insensible&nbsp;; le sourire vient naturellement aux l\u00e8vres\u2026 Le ros\u00e9 parfait pour l\u2019ap\u00e9ritif et les grillades estivales.<span style=\"text-align: justify;\"><\/p>\n<p><\/span><b style=\"text-align: justify;\">LA D\u00c9GUSTATION<br \/>\n<\/b><span style=\"text-align: justify;\">Une belle robe pale. Les ar\u00f4mes de fleurs et de fruits dominent le nez. Belle fra\u00eecheur en bouche, les fruits \u00e0 chairs blanches c\u00f4toient les agrumes. Un vin plaisir \u00e0 boire 10\u00b0c. <\/p>\n<p><b style=\"text-align: justify;\">LES C\u00c9PAGES<br \/>\n<\/b>Cinsault \u2013 Syrah \u2013 Rolle<\/p>\n<p><\/span><strong style=\"text-align: justify;\"><br \/>\n<\/strong><\/p>\n<h5 class=\"alt-font thin-font\" style=\"text-align: right;\"><a href=\"https:\/\/www.masdecadenet.fr\/wp-content\/uploads\/2024\/08\/FT_EchappeeBelle_rose_fr.pdf\" target=\"_blank\" rel=\"noopener noreferrer\">T\u00e9l\u00e9charger la fiche technique<\/a><\/h5>\n<\/div><\/div>\n<\/div>\n  \n<\/p><\/div>\n<\/div>\n<hr class=\"wp-block-separator has-css-opacity\"\/>\n\t<div  class=\"row container \">\n<div class=\"small-12    large-4  columns   \"  ><div class=\"column-inner\"  >\n<h2 style=\"text-align: right;\">L\u2019\u00c9CHAPP\u00c9E BELLE BLANC<\/h2>\n<p><img loading=\"lazy\" decoding=\"async\" class=\"alignnone wp-image-1551 size-thumbnail\" src=\"http:\/\/www.masdecadenet.fr\/wp-content\/uploads\/2020\/02\/Mas-de-Cadenet-HD-042-340x340.jpg\" alt=\"\" width=\"340\" height=\"340\" srcset=\"https:\/\/www.masdecadenet.fr\/wp-content\/uploads\/2020\/02\/Mas-de-Cadenet-HD-042-340x340.jpg 340w, https:\/\/www.masdecadenet.fr\/wp-content\/uploads\/2020\/02\/Mas-de-Cadenet-HD-042-scaled-300x300.jpg 300w, https:\/\/www.masdecadenet.fr\/wp-content\/uploads\/2020\/02\/Mas-de-Cadenet-HD-042-scaled-100x100.jpg 100w\" sizes=\"auto, (max-width: 340px) 100vw, 340px\" \/><\/p>\n<\/div><\/div>\n<div class=\"small-12    large-8  columns   \"  ><div class=\"column-inner\"  >\n<p style=\"text-align: justify;\"><strong>LE STYLE<br \/>\n<\/strong>Ce blanc se caract\u00e9rise par l\u2019intensit\u00e9 aromatique du rolle avec ses fruits exotiques et ses agrumes. \u00c9tant issu de notre terroir C\u00f4tes de Provence \u00e0 dominante argileuse, il offre intensit\u00e9, expression, g\u00e9n\u00e9rosit\u00e9, ampleur et \u00e9quilibre. Ce blanc sec et fruit\u00e9 est le compagnon des moments conviviaux. En ap\u00e9ritif, sur des coquillages ou du poisson&nbsp;; il n\u2019y a pas \u00e0 attendre, juste \u00e0 d\u00e9boucher \u2026<\/p>\n<p><b>LA D\u00c9GUSTATION<\/b><br \/>\nCouleur brillante, les ar\u00f4mes de kiwi, agrumes, fleurs blanches sont harmonieux. L\u2019attaque est rafraichissante et la longueur agr\u00e9able. Servir \u00e0 10\u00b0c.<\/p>\n<p><b>LES C\u00c9PAGES<br \/>\n<\/b>100% Rolle<b><br \/>\n<\/b><\/p>\n<p><b><b><\/p>\n<h5 class=\"alt-font thin-font\" style=\"text-align: right;\"><a href=\"https:\/\/www.masdecadenet.fr\/wp-content\/uploads\/2024\/08\/FT_EchappeeBelle_blanc_fr.pdf\" target=\"_blank\" rel=\"noopener noreferrer\">T\u00e9l\u00e9charger la fiche technique<\/a><\/h5>\n<\/div><\/div>\n<\/div>\n  <\/b><\/b><\/p>\n<hr class=\"wp-block-separator has-css-opacity\"\/>\n\t<div  class=\"row container \">\n<div class=\"small-12    large-4  columns   \"  ><div class=\"column-inner\"  >\n<h2 style=\"text-align: right;\">L\u2019\u00c9CHAPP\u00c9E BELLE ROUGE<\/h2>\n<p><img loading=\"lazy\" decoding=\"async\" class=\"alignnone wp-image-1552 size-thumbnail\" src=\"http:\/\/www.masdecadenet.fr\/wp-content\/uploads\/2020\/02\/Mas-de-Cadenet-HD-059-340x340.jpg\" alt=\"\" width=\"340\" height=\"340\" srcset=\"https:\/\/www.masdecadenet.fr\/wp-content\/uploads\/2020\/02\/Mas-de-Cadenet-HD-059-340x340.jpg 340w, https:\/\/www.masdecadenet.fr\/wp-content\/uploads\/2020\/02\/Mas-de-Cadenet-HD-059-scaled-300x300.jpg 300w, https:\/\/www.masdecadenet.fr\/wp-content\/uploads\/2020\/02\/Mas-de-Cadenet-HD-059-scaled-100x100.jpg 100w\" sizes=\"auto, (max-width: 340px) 100vw, 340px\" \/><\/p>\n<\/div><\/div>\n<div class=\"small-12    large-8  columns   \"  ><div class=\"column-inner\"  >\n<p style=\"text-align: justify;\"><strong>LE STYLE<br \/>\n<\/strong>Issues de vignes en C\u00f4tes de Provence au sol plus limoneux que nos \u00ab&nbsp;Sainte Victoire&nbsp;\u00bb, ce rouge offre une belle mati\u00e8re avec beaucoup de souplesse ainsi qu\u2019une explosion de fruits rouges et noirs.<br \/>\nCe rouge offre beaucoup de plaisir avec une planche de charcuterie ou de fromage, mais surtout avec de bons amis.<\/p>\n<p><b>LA D\u00c9GUSTATION<\/b><br \/>\nDe couleur sombre, avec des ar\u00f4mes de fruits noirs frais allant du cassis \u00e0 la groseille. La bouche ample et souple rappelle un panier de fruits noirs avec une l\u00e9g\u00e8re touche de r\u00e9glisse et de cuir. Boire \u00e0 16\u00b0c avec charcuterie et BBQ. <\/p>\n<p><b>LES C\u00c9PAGES<\/b><br \/>\n70% Grenache \u2013 30% Syrah<\/p>\n<h5 class=\"alt-font thin-font\" style=\"text-align: right;\"><a href=\"http:\/\/www.masdecadenet.fr\/wp-content\/uploads\/2020\/03\/FT_EchappeeBelle_rouge_fr.pdf\" target=\"_blank\" rel=\"noopener noreferrer\">T\u00e9l\u00e9charger la fiche technique<\/a><\/h5>\n<\/div><\/div>\n<\/div>\n  \n","protected":false},"excerpt":{"rendered":"<p>&nbsp;<\/p>\n","protected":false},"author":1,"featured_media":0,"parent":0,"menu_order":0,"comment_status":"closed","ping_status":"closed","template":"","meta":{"footnotes":""},"class_list":["post-279","page","type-page","status-publish","hentry"],"_links":{"self":[{"href":"https:\/\/www.masdecadenet.fr\/index.php\/wp-json\/wp\/v2\/pages\/279","targetHints":{"allow":["GET"]}}],"collection":[{"href":"https:\/\/www.masdecadenet.fr\/index.php\/wp-json\/wp\/v2\/pages"}],"about":[{"href":"https:\/\/www.masdecadenet.fr\/index.php\/wp-json\/wp\/v2\/types\/page"}],"author":[{"embeddable":true,"href":"https:\/\/www.masdecadenet.fr\/index.php\/wp-json\/wp\/v2\/users\/1"}],"replies":[{"embeddable":true,"href":"https:\/\/www.masdecadenet.fr\/index.php\/wp-json\/wp\/v2\/comments?post=279"}],"version-history":[{"count":97,"href":"https:\/\/www.masdecadenet.fr\/index.php\/wp-json\/wp\/v2\/pages\/279\/revisions"}],"predecessor-version":[{"id":2563,"href":"https:\/\/www.masdecadenet.fr\/index.php\/wp-json\/wp\/v2\/pages\/279\/revisions\/2563"}],"wp:attachment":[{"href":"https:\/\/www.masdecadenet.fr\/index.php\/wp-json\/wp\/v2\/media?parent=279"}],"curies":[{"name":"wp","href":"https:\/\/api.w.org\/{rel}","templated":true}]}}