{"id":282,"date":"2016-07-06T10:22:52","date_gmt":"2016-07-06T09:22:52","guid":{"rendered":"http:\/\/www.masdecadenet.fr\/?page_id=282"},"modified":"2021-04-29T15:32:47","modified_gmt":"2021-04-29T14:32:47","slug":"vin-cuit-de-provence","status":"publish","type":"page","link":"https:\/\/www.masdecadenet.fr\/index.php\/fr\/vin-cuit-de-provence\/","title":{"rendered":"VIN CUIT"},"content":{"rendered":"   <div id=\"banner_9734086\" class=\"ux_banner light    \"  style=\"height:300px; \" data-height=\"300px\" role=\"banner\">\n                                  <div class=\"banner-bg \"  style=\"background-image:url('https:\/\/www.masdecadenet.fr\/wp-content\/uploads\/2016\/11\/vincuit-1600x600.jpg'); \"><img decoding=\"async\" src=\"https:\/\/www.masdecadenet.fr\/wp-content\/uploads\/2016\/11\/vincuit-1600x600.jpg\"  alt=\"\" style=\"visibility:hidden;\" \/><\/div>\n                             <div class=\"row\" >\n          <div class=\"inner left center text-center text-boxed\"  style=\"width:35%;\">\n            <div class=\"inner-wrap animated fadeIn\" style=\"background-color:rgba(255,255,255,0.9); padding:30px\">\n              <h5 class=\"alt-font thin-font\" style=\"text-align: right;\">Le vin de dessert mythique qui accompagne le repas de No\u00ebl en Provence.<br \/>\nCe vin issu d\u2019une r\u00e9duction de mo\u00fbt de raisin r\u00e9v\u00e8le des ar\u00f4mes de cuisson in\u00e9dits et un \u00e9quilibre parfait.<\/h5>\n            <\/div>\n          <\/div>  \n        <\/div>\n                     <\/div><!-- end .ux_banner -->\n\n<hr class=\"wp-block-separator\"\/>\n\t<div  class=\"row container \">\n<div class=\"small-12    large-4  columns   \"  ><div class=\"column-inner\"  >\n<p><img loading=\"lazy\" decoding=\"async\" class=\"alignnone size-full wp-image-770\" src=\"http:\/\/www.masdecadenet.fr\/wp-content\/uploads\/2016\/07\/cuit2.jpg\" alt=\"cuit2\" width=\"340\" height=\"510\"><\/p>\n<\/div><\/div>\n<div class=\"small-12    large-8  columns   \"  ><div class=\"column-inner\"  >\n<p class=\"lead text-center\"><strong>HISTOIRE<\/strong><br \/>\nN\u00e9 \u00e0 Aix en Provence, le vin cuit fait partie de la tradition proven\u00e7ale. Ce vin mythique a \u00e9t\u00e9 oubli\u00e9 et sa production a presque disparu. Seuls quelques vieilles familles vigneronnes ont su conserver ce vin l\u00e9gendaire.<br \/>\nLe vin cuit accompagne le repas de No\u00ebl en Provence. Il est bu en ap\u00e9ritif pour la c\u00e9r\u00e9monie du \u00ab cacho-fio \u00bb ; puis sur la table des fameux \u00ab 13 desserts \u00bb avec le gibassier, les nougats, les fruits secs, les calissons\u2026<br \/>\n<strong>VINIFICATION<\/strong><br \/>\nLe mo\u00fbt recueilli pendant les vendanges est cuit au feu de bois de ch\u00eane dans un chaudron. Une fois le mo\u00fbt r\u00e9duit, la fermentation (compl\u00e8tement naturelle) est faite en cuve. Le vin est ensuite soutir\u00e9 dans des f\u00fbts de ch\u00eane o\u00f9 on le laissera vieillir quelques ann\u00e9es.<br \/>\n<strong>D\u00c9GUSTATION<\/strong><br \/>\nUne belle teinte orange ambr\u00e9e. Le nez est exub\u00e9rant avec ses notes expressives de caramel, d\u2019agrumes, de pruneaux, d\u2019abricots secs et de mendiants. Il se caract\u00e9rise par un \u00e9quilibre remarquable entre sucre, alcool et vivacit\u00e9. En bouche, une grande complexit\u00e9 aromatique qui va du pruneau aux fruits secs. Une belle longueur port\u00e9e par les fameuses notes de fum\u00e9 provenant de la cuisson au feu de bois.<br \/>\nChocolats, p\u00e2tisseries et confiseries sont ses compagnons de pr\u00e9dilection.<br \/>\n<strong>AUTRES FORMATS DISPONIBLES<\/strong><br \/>\n50cl \/ 150cl<\/p>\n<h5 class=\"alt-font thin-font\" style=\"text-align: right;\">T\u00e9l\u00e9charger la fichier technique<\/h5>\n<\/div><\/div>\n<\/div>\n  \n\n\t\t<div class=\"social-icons share-row\">\n\t\t\t\t<a href=\"whatsapp:\/\/send?text=VIN%2520CUIT%20-%20https%3A%2F%2Fwww.masdecadenet.fr%2Findex.php%2Ffr%2Fvin-cuit-de-provence%2F\" data-action=\"share\/whatsapp\/share\" class=\"icon icon_whatsapp tip-top\" rel=\"nofollow\" title=\"Share on WhatsApp\"><span class=\"icon-phone\" \/><\/a>\t\t<a href=\"http:\/\/www.facebook.com\/sharer.php?u=https:\/\/www.masdecadenet.fr\/index.php\/fr\/vin-cuit-de-provence\/\" onclick=\"window.open(this.href,this.title,'width=500,height=500,top=300px,left=300px');  return false;\"  rel=\"nofollow\" target=\"_blank\" class=\"icon icon_facebook tip-top\" title=\"Share on Facebook\"><span class=\"icon-facebook\"><\/span><\/a>\t\t<a href=\"https:\/\/twitter.com\/share?url=https:\/\/www.masdecadenet.fr\/index.php\/fr\/vin-cuit-de-provence\/\" onclick=\"window.open(this.href,this.title,'width=500,height=500,top=300px,left=300px');  return false;\"  rel=\"nofollow\" target=\"_blank\" class=\"icon icon_twitter tip-top\" title=\"Share on Twitter\"><span class=\"icon-twitter\"><\/span><\/a>\t\t<a href=\"mailto:enteryour@addresshere.com?subject=VIN%20CUIT&amp;body=Check%20this%20out:%20https:\/\/www.masdecadenet.fr\/index.php\/fr\/vin-cuit-de-provence\/\" rel=\"nofollow\" class=\"icon icon_email tip-top\" title=\"Email to a Friend\"><span class=\"icon-envelop\"><\/span><\/a>\t\t<a href=\"\/\/www.linkedin.com\/shareArticle?mini=true&url=https:\/\/www.masdecadenet.fr\/index.php\/fr\/vin-cuit-de-provence\/&title=VIN%20CUIT\" onclick=\"window.open(this.href,this.title,'width=500,height=500,top=300px,left=300px');  return false;\"  rel=\"nofollow\" target=\"_blank\" class=\"icon icon_linkedin tip-top\" title=\"Share on LinkedIn\"><span class=\"icon-linkedin\"><\/span><\/a>\t\t<a href=\"\/\/pinterest.com\/pin\/create\/button\/?url=https:\/\/www.masdecadenet.fr\/index.php\/fr\/vin-cuit-de-provence\/&amp;media=&amp;description=VIN%20CUIT\" onclick=\"window.open(this.href,this.title,'width=500,height=500,top=300px,left=300px');  return false;\"  rel=\"nofollow\" target=\"_blank\" class=\"icon icon_pintrest tip-top\" title=\"Pin on Pinterest\"><span class=\"icon-pinterest\"><\/span><\/a>\t\t<a href=\"\/\/plus.google.com\/share?url=https:\/\/www.masdecadenet.fr\/index.php\/fr\/vin-cuit-de-provence\/\" target=\"_blank\" class=\"icon icon_googleplus tip-top\" onclick=\"window.open(this.href,this.title,'width=500,height=500,top=300px,left=300px');  return false;\"  rel=\"nofollow\" title=\"Share on Google+\"><span class=\"icon-google-plus\"><\/span><\/a>\t\t<a href=\"\/\/tumblr.com\/widgets\/share\/tool?canonicalUrl=https:\/\/www.masdecadenet.fr\/index.php\/fr\/vin-cuit-de-provence\/\" target=\"_blank\" class=\"icon icon_tumblr tip-top\" onclick=\"window.open(this.href,this.title,'width=500,height=500,top=300px,left=300px');  return false;\"  rel=\"nofollow\" title=\"Share on Tumblr\"><span class=\"icon-tumblr\"><\/span><\/a>\t\t    <\/div>\n\n    \n    \n","protected":false},"excerpt":{"rendered":"","protected":false},"author":1,"featured_media":0,"parent":0,"menu_order":0,"comment_status":"closed","ping_status":"closed","template":"","meta":{"footnotes":""},"class_list":["post-282","page","type-page","status-publish","hentry"],"_links":{"self":[{"href":"https:\/\/www.masdecadenet.fr\/index.php\/wp-json\/wp\/v2\/pages\/282","targetHints":{"allow":["GET"]}}],"collection":[{"href":"https:\/\/www.masdecadenet.fr\/index.php\/wp-json\/wp\/v2\/pages"}],"about":[{"href":"https:\/\/www.masdecadenet.fr\/index.php\/wp-json\/wp\/v2\/types\/page"}],"author":[{"embeddable":true,"href":"https:\/\/www.masdecadenet.fr\/index.php\/wp-json\/wp\/v2\/users\/1"}],"replies":[{"embeddable":true,"href":"https:\/\/www.masdecadenet.fr\/index.php\/wp-json\/wp\/v2\/comments?post=282"}],"version-history":[{"count":19,"href":"https:\/\/www.masdecadenet.fr\/index.php\/wp-json\/wp\/v2\/pages\/282\/revisions"}],"predecessor-version":[{"id":2499,"href":"https:\/\/www.masdecadenet.fr\/index.php\/wp-json\/wp\/v2\/pages\/282\/revisions\/2499"}],"wp:attachment":[{"href":"https:\/\/www.masdecadenet.fr\/index.php\/wp-json\/wp\/v2\/media?parent=282"}],"curies":[{"name":"wp","href":"https:\/\/api.w.org\/{rel}","templated":true}]}}