{"id":32,"date":"2016-06-30T10:03:36","date_gmt":"2016-06-30T09:03:36","guid":{"rendered":"http:\/\/www.masdecadenet.fr\/?page_id=32"},"modified":"2024-11-03T00:12:29","modified_gmt":"2024-11-02T23:12:29","slug":"notre-terroir","status":"publish","type":"page","link":"https:\/\/www.masdecadenet.fr\/index.php\/fr\/notre-terroir\/","title":{"rendered":"NOTRE VIGNOBLE"},"content":{"rendered":" \n<div class=\"ux-slider-wrapper relative\">\n    <div class=\"ux-slider iosSlider  slider-style-normal  slider-nav-dark slider-nav-inside slider-nav-circle js-flickity\" \n        data-flickity-options='{ \n            \"cellAlign\": \"center\",\n            \"imagesLoaded\": true,\n            \"lazyLoad\": 1,\n            \"freeScroll\": false,\n            \"wrapAround\": true,\n            \"autoPlay\": 4500,\n            \"prevNextButtons\": true,\n            \"contain\" : true,\n            \"percentPosition\": true,\n            \"pageDots\": true,\n            \"selectedAttraction\" : 0.1,\n            \"friction\": 0.6,\n            \"rightToLeft\": false,\n            \"draggable\": true        }'\n        style=\"\"\n        >\n        <p><img loading=\"lazy\" decoding=\"async\" class=\"alignnone wp-image-502 size-full\" src=\"http:\/\/www.masdecadenet.fr\/wp-content\/uploads\/2016\/11\/ext.cave7_.jpg\" alt=\"ext-cave7\" width=\"1600\" height=\"600\" srcset=\"https:\/\/www.masdecadenet.fr\/wp-content\/uploads\/2016\/11\/ext.cave7_.jpg 1600w, https:\/\/www.masdecadenet.fr\/wp-content\/uploads\/2016\/11\/ext.cave7_-600x225.jpg 600w, https:\/\/www.masdecadenet.fr\/wp-content\/uploads\/2016\/11\/ext.cave7_-800x300.jpg 800w, https:\/\/www.masdecadenet.fr\/wp-content\/uploads\/2016\/11\/ext.cave7_-768x288.jpg 768w\" sizes=\"auto, (max-width: 1600px) 100vw, 1600px\" \/><\/p>\n<p><img loading=\"lazy\" decoding=\"async\" class=\"aligncenter wp-image-822 size-full\" src=\"http:\/\/www.masdecadenet.fr\/wp-content\/uploads\/2016\/06\/ext.cave8_.jpg\" alt=\"ext-cave8\" width=\"1600\" height=\"600\" srcset=\"https:\/\/www.masdecadenet.fr\/wp-content\/uploads\/2016\/06\/ext.cave8_.jpg 1600w, https:\/\/www.masdecadenet.fr\/wp-content\/uploads\/2016\/06\/ext.cave8_-600x225.jpg 600w, https:\/\/www.masdecadenet.fr\/wp-content\/uploads\/2016\/06\/ext.cave8_-800x300.jpg 800w, https:\/\/www.masdecadenet.fr\/wp-content\/uploads\/2016\/06\/ext.cave8_-768x288.jpg 768w\" sizes=\"auto, (max-width: 1600px) 100vw, 1600px\" \/><\/p>\n<p><img loading=\"lazy\" decoding=\"async\" class=\"alignnone wp-image-534 size-full\" src=\"http:\/\/www.masdecadenet.fr\/wp-content\/uploads\/2016\/11\/oeufdino.jpg\" alt=\"oeufdino\" width=\"1600\" height=\"600\" srcset=\"https:\/\/www.masdecadenet.fr\/wp-content\/uploads\/2016\/11\/oeufdino.jpg 1600w, https:\/\/www.masdecadenet.fr\/wp-content\/uploads\/2016\/11\/oeufdino-600x225.jpg 600w, https:\/\/www.masdecadenet.fr\/wp-content\/uploads\/2016\/11\/oeufdino-800x300.jpg 800w, https:\/\/www.masdecadenet.fr\/wp-content\/uploads\/2016\/11\/oeufdino-768x288.jpg 768w\" sizes=\"auto, (max-width: 1600px) 100vw, 1600px\" \/><\/p>\n<p><img loading=\"lazy\" decoding=\"async\" class=\"aligncenter wp-image-486 size-full\" src=\"http:\/\/www.masdecadenet.fr\/wp-content\/uploads\/2016\/11\/cave3.jpg\" alt=\"cave3\" width=\"1600\" height=\"600\" srcset=\"https:\/\/www.masdecadenet.fr\/wp-content\/uploads\/2016\/11\/cave3.jpg 1600w, https:\/\/www.masdecadenet.fr\/wp-content\/uploads\/2016\/11\/cave3-600x225.jpg 600w, https:\/\/www.masdecadenet.fr\/wp-content\/uploads\/2016\/11\/cave3-800x300.jpg 800w, https:\/\/www.masdecadenet.fr\/wp-content\/uploads\/2016\/11\/cave3-768x288.jpg 768w\" sizes=\"auto, (max-width: 1600px) 100vw, 1600px\" \/><\/p>\n<p><img loading=\"lazy\" decoding=\"async\" class=\"aligncenter wp-image-516 size-full\" src=\"http:\/\/www.masdecadenet.fr\/wp-content\/uploads\/2016\/11\/mat6.jpg\" alt=\"mat6\" width=\"1600\" height=\"600\" srcset=\"https:\/\/www.masdecadenet.fr\/wp-content\/uploads\/2016\/11\/mat6.jpg 1600w, https:\/\/www.masdecadenet.fr\/wp-content\/uploads\/2016\/11\/mat6-600x225.jpg 600w, https:\/\/www.masdecadenet.fr\/wp-content\/uploads\/2016\/11\/mat6-800x300.jpg 800w, https:\/\/www.masdecadenet.fr\/wp-content\/uploads\/2016\/11\/mat6-768x288.jpg 768w\" sizes=\"auto, (max-width: 1600px) 100vw, 1600px\" \/><\/p>\n     <\/div>\n    <div class=\"ux-loading dark\"><\/div>\n<\/div><!-- .ux-slider-wrapper -->\n\n\n<hr class=\"wp-block-separator has-css-opacity\"\/>\n<p class=\"has-medium-font-size\"><strong>LE VIGNOBLE<\/strong><br \/>Le vignoble se situe sur un plateau expos\u00e9 sud \u00e0 250 m\u00e8tres d&rsquo;altitude au pied de la montagne Sainte -Victoire. L&rsquo;\u00e2ge moyen des vignes est de 35 ans, ce qui assure un rendement naturellement bas de 45 hl\/ha. Le vignoble se compose de 60 hectares de vigne d\u2019un seul tenant class\u00e9s en AOP C\u00f4tes de Provence et en terroir Sainte-Victoire.<br \/>La totalit\u00e9 du domaine est conduit en culture biologique. Ce terroir se caract\u00e9rise par un micro-climat septentrional et un sol d\u2019alluvions et des \u00e9boulis du massif de la Sainte-Victoire.<\/p>\n<p>.<\/p>\n<p class=\"has-medium-font-size\"><strong>NOTRE TERROIR SAINTE-VICTOIRE<\/strong><br \/>Au sein des C\u00f4tes de Provence, l\u2019appellation Sainte Victoire valorise un terroir propice \u00e0 l\u2019\u00e9laboration de vin de forte personnalit\u00e9. Le sol et le climat de l\u2019aire Sainte Victoire lui sont propres et ont une profonde influence sur les vins.<br \/><strong>Le sol : <\/strong>La topologie du vignoble nous ram\u00e8ne \u00e0 l\u2019\u00e8re secondaire cr\u00e9tac\u00e9e sup\u00e9rieure. Les couches sup\u00e9rieures actuelles proviennent d\u2019alluvions et des \u00e9boulis du massif de la Sainte Victoire.<br \/>Le Mas de Cadenet se situe sur un secteur particuli\u00e8rement caillouteux compos\u00e9 \u00e0 60% de graviers et \u00e0 40% de sable argilo limoneux. Le sol est sec car tr\u00e8s filtrant et donne naturellement de faibles rendements, condition premi\u00e8re \u00e0 l\u2019\u00e9laboration de vins riches et structur\u00e9s.<br \/><strong>Le climat: <\/strong>Le climat m\u00e9diterran\u00e9en\u00a0se caract\u00e9rise par des \u00e9t\u00e9s chauds et secs ainsi que des hivers doux.\u00a0Une pluviom\u00e9trie r\u00e9partie en peu de jours et sous forme d&rsquo;averses violentes au printemps et \u00e0 l&rsquo;automne.\u00a0Le Mistral, vent sec, \u00a0aide \u00e0 la bonne sant\u00e9 du vignoble et apporte une grande luminosit\u00e9.<br \/>Toutefois, le climat en Sainte Victoire est le plus septentrional des C\u00f4tes de Provence car la montagne Sainte Victoire &amp; les Monts Aur\u00e9lien, qui entourent l&rsquo;appellation, cr\u00e9ent un micro climat aux\u00a0aspects continentaux.<br \/>Ils forment un \u00e9cran qui fait barrage aux entr\u00e9es maritimes et aux pluies, ce qui implique une pluviom\u00e9trie plus faible et des variations de temp\u00e9ratures plus importantes par rapport aux autres terroirs proven\u00e7aux. <br \/><strong>Les contraintes de production:  <\/strong>Afin de renforcer cette personnalit\u00e9, les vins issus de cette appellation doivent suivre une d\u00e9marche qualitative\u00a0stricte:<br \/>&#8211; Une s\u00e9lection des meilleures parcelles du vignoble marqu\u00e9es par le calcaire.<br \/>&#8211; Un enc\u00e9pagement r\u00e9duit et plus adapt\u00e9 valorisant la syrah et le grenache.<br \/>&#8211; Un rendement de production inf\u00e9rieur aux C\u00f4tes de Provence.<br \/>&#8211; Une d\u00e9gustation avec repli en AOP C\u00f4tes de Provence si la qualit\u00e9 est insuffisante.<\/p>\n","protected":false},"excerpt":{"rendered":"<p>LE VIGNOBLELe vignoble se situe sur un plateau expos\u00e9 sud \u00e0 250 m\u00e8tres d&rsquo;altitude au pied de la montagne Sainte -Victoire. L&rsquo;\u00e2ge moyen des vignes est de 35 ans, ce qui assure un rendement naturellement bas de 45 hl\/ha. Le vignoble se compose de 60 hectares de vigne d\u2019un seul tenant class\u00e9s en AOP C\u00f4tes [&hellip;]\n","protected":false},"author":1,"featured_media":0,"parent":0,"menu_order":0,"comment_status":"closed","ping_status":"closed","template":"","meta":{"footnotes":""},"class_list":["post-32","page","type-page","status-publish","hentry"],"_links":{"self":[{"href":"https:\/\/www.masdecadenet.fr\/index.php\/wp-json\/wp\/v2\/pages\/32","targetHints":{"allow":["GET"]}}],"collection":[{"href":"https:\/\/www.masdecadenet.fr\/index.php\/wp-json\/wp\/v2\/pages"}],"about":[{"href":"https:\/\/www.masdecadenet.fr\/index.php\/wp-json\/wp\/v2\/types\/page"}],"author":[{"embeddable":true,"href":"https:\/\/www.masdecadenet.fr\/index.php\/wp-json\/wp\/v2\/users\/1"}],"replies":[{"embeddable":true,"href":"https:\/\/www.masdecadenet.fr\/index.php\/wp-json\/wp\/v2\/comments?post=32"}],"version-history":[{"count":23,"href":"https:\/\/www.masdecadenet.fr\/index.php\/wp-json\/wp\/v2\/pages\/32\/revisions"}],"predecessor-version":[{"id":2551,"href":"https:\/\/www.masdecadenet.fr\/index.php\/wp-json\/wp\/v2\/pages\/32\/revisions\/2551"}],"wp:attachment":[{"href":"https:\/\/www.masdecadenet.fr\/index.php\/wp-json\/wp\/v2\/media?parent=32"}],"curies":[{"name":"wp","href":"https:\/\/api.w.org\/{rel}","templated":true}]}}