{"id":343,"date":"2016-07-06T14:57:04","date_gmt":"2016-07-06T13:57:04","guid":{"rendered":"http:\/\/www.masdecadenet.fr\/?page_id=343"},"modified":"2020-04-04T16:33:48","modified_gmt":"2020-04-04T15:33:48","slug":"mas-de-cadenet-wines","status":"publish","type":"page","link":"https:\/\/www.masdecadenet.fr\/index.php\/en\/mas-de-cadenet-wines\/","title":{"rendered":"MAS DE CADENET WINES"},"content":{"rendered":"<p><strong>MAS DE CADENET<\/strong> \/\/ AOP C\u00d4TES DE PROVENCE \u2013 SAINTE VICTOIRE<\/p>\n<p><strong>&#8220;The flagship wine of the Sainte Victoire terroir&#8221;<\/strong><br \/>\nThe eponymous Cuv\u00e9e of the domain sincerely embodies the identity of this brilliant, chiseled and bewitching site. The limestones and the northern microclimate of Sainte-Victoire deliver concentrated wines with freshness.<br \/>\nYou can find Mas de Cadenet in famous places: the H\u00f4tel de Crillon in Paris, L&#8217;Eden Roc at Cap d&#8217;Antibes, Le Caf\u00e9 de Paris in Monaco, Le Grillon on the Cours Mirabeau in Aix en Provence, Mandarain Oriental in Geneva , Helen&#8217;s wines in Los Angeles, to name a few and without forgetting many others that we appreciate so much\u2026<\/p>\n<hr \/>\n<p><strong>L&#8217;ECHAPPEE BELLE<\/strong> \/\/ AOP C\u00d4TES DE PROVENCE<\/p>\n<p><strong>&#8220;The hedonistic wine for an escape in Provence!&#8221;<\/strong><br \/>\nThe Mas de Cadenet, iconic domain of the Sainte-Victoire terroir, get away in C\u00f4tes de Provence with these lively and generous wines. Close your eyes, enjoy a glass of an intense fruit with immediate pleasure. You can start listening the holiday song\u2026<br \/>\nYou can find these wines at Renoma in Paris, at KaDeWe in Berlin, The Wine Society in London\u2026<\/p>\n<hr \/>\n<p><strong>GRANDE GARDE<\/strong> \/\/ AOP C\u00d4TES DE PROVENCE \u2013 SAINTE VICTOIRE<\/p>\n<p><strong>\u00ab Our Grand Vin de Provence vision\u00bb<\/strong><br \/>\nResulting of meticulous work in the vineyard and in the cellar, this cuv\u00e9e offers sublime gastronomic wines with great aging potential. This cuv\u00e9e has a limited distribution in well-known gourmet and Michelin stared restaurants. Like their cuisine, this ambitious wine has a strong personality.<br \/>\nYou can find this rare wines at: Le Petit Nice, G\u00e9rald Passedat ***, Ch\u00e2teau La Pioline, Pierre Reboul *, Le Saint Est\u00e8ve &#8211; Les Lodges, Julien Le Goff *, La Magdeleine, Mathias Dandine *, La Palme d&#8217;Or &#8211; Le Martinez, Chrisitan Sinicropi **, to name a few and without forgetting many others that we appreciate so much\u2026<\/p>\n<hr \/>\n<p><strong>VIN CUIT<\/strong> \/\/ VIN DE FRANCE<\/p>\n<p>A legendary dessert wine served in Provence for Christmas.<br \/>\nThis slow cooked wine reveals unusual toffee and smoky aromas with a perfect balance.<\/p>\n","protected":false},"excerpt":{"rendered":"<p>MAS DE CADENET \/\/ AOP C\u00d4TES DE PROVENCE \u2013 SAINTE VICTOIRE &#8220;The flagship wine of the Sainte Victoire terroir&#8221; The eponymous Cuv\u00e9e of the domain sincerely embodies the identity of this brilliant, chiseled and bewitching site. The limestones and the northern microclimate of Sainte-Victoire deliver concentrated wines with freshness. You can find Mas de Cadenet [&hellip;]\n","protected":false},"author":1,"featured_media":0,"parent":0,"menu_order":0,"comment_status":"closed","ping_status":"closed","template":"","meta":{"footnotes":""},"class_list":["post-343","page","type-page","status-publish","hentry"],"_links":{"self":[{"href":"https:\/\/www.masdecadenet.fr\/index.php\/wp-json\/wp\/v2\/pages\/343","targetHints":{"allow":["GET"]}}],"collection":[{"href":"https:\/\/www.masdecadenet.fr\/index.php\/wp-json\/wp\/v2\/pages"}],"about":[{"href":"https:\/\/www.masdecadenet.fr\/index.php\/wp-json\/wp\/v2\/types\/page"}],"author":[{"embeddable":true,"href":"https:\/\/www.masdecadenet.fr\/index.php\/wp-json\/wp\/v2\/users\/1"}],"replies":[{"embeddable":true,"href":"https:\/\/www.masdecadenet.fr\/index.php\/wp-json\/wp\/v2\/comments?post=343"}],"version-history":[{"count":12,"href":"https:\/\/www.masdecadenet.fr\/index.php\/wp-json\/wp\/v2\/pages\/343\/revisions"}],"predecessor-version":[{"id":1829,"href":"https:\/\/www.masdecadenet.fr\/index.php\/wp-json\/wp\/v2\/pages\/343\/revisions\/1829"}],"wp:attachment":[{"href":"https:\/\/www.masdecadenet.fr\/index.php\/wp-json\/wp\/v2\/media?parent=343"}],"curies":[{"name":"wp","href":"https:\/\/api.w.org\/{rel}","templated":true}]}}