{"id":363,"date":"2016-07-06T15:18:46","date_gmt":"2016-07-06T14:18:46","guid":{"rendered":"http:\/\/www.masdecadenet.fr\/?page_id=363"},"modified":"2016-11-23T17:07:11","modified_gmt":"2016-11-23T16:07:11","slug":"instant-eternel","status":"publish","type":"page","link":"https:\/\/www.masdecadenet.fr\/index.php\/fr\/instant-eternel\/","title":{"rendered":"INSTANT ETERNEL"},"content":{"rendered":"<p>Au-del\u00e0 d\u2019une simple application des m\u00e9thodes champenoises, la famille d\u00e9veloppe ici\u00a0son savoir-faire dans l\u2019\u00e9laboration du ros\u00e9 de Provence pour cr\u00e9er un effervescent de\u00a0grande tenue que les m\u00e9thodes traditionnelles n\u2019auraient pu obtenir.<\/p>\n<p><strong>CEPAGES<\/strong><br \/>\n45% Grenache &#8211; 45% Cinsault \u2013 10% Syrah<br \/>\nS\u00e9lection exclusive dans l\u2019aire d\u2019appellation AOC C\u00f4tes de Provence<br \/>\n<strong>VINIFICATION<\/strong><br \/>\nVendanges \u00e0 maturit\u00e9 montante, \u00e9grapp\u00e9e et foul\u00e9e des baies<br \/>\nMac\u00e9ration pelliculaire \u00e0 froid<br \/>\nD\u00e9bourbage \u00e0 froid<br \/>\nAssemblage des c\u00e9pages puis fermentation en cuve<br \/>\nMise en bouteille et prise de mousse \u00e0 partir du mo\u00fbt congel\u00e9 (m\u00e9thode proven\u00e7ale)<br \/>\nElevage de 12 mois sur lattes jusqu\u2019au d\u00e9gorgeage.<br \/>\n<strong>DEGUSTATION<\/strong><br \/>\nAgr\u00e9able robe rose clair et lumineuse; typique du Ros\u00e9 de Provence. Nez d\u2019agrumes,\u00a0cerise, amande douce. En bouche, le plaisir du fruit rouge et la fra\u00eecheur de la bulle\u00a0apporte une belle tension. Servir frais \u00e0 8\u00b0c en ap\u00e9ritif accompagn\u00e9 de d\u00e9s de saumon\u00a0ou avec un dessert a\u00e9r\u00e9 \u00e0 base de fruit rouge comme une charlotte aux fraises.<br \/>\n<strong>FORMAT<\/strong><br \/>\n75cl<\/p>\n","protected":false},"excerpt":{"rendered":"<p>Au-del\u00e0 d\u2019une simple application des m\u00e9thodes champenoises, la famille d\u00e9veloppe ici\u00a0son savoir-faire dans l\u2019\u00e9laboration du ros\u00e9 de Provence pour cr\u00e9er un effervescent de\u00a0grande tenue que les m\u00e9thodes traditionnelles n\u2019auraient pu obtenir. CEPAGES 45% Grenache &#8211; 45% Cinsault \u2013 10% Syrah S\u00e9lection exclusive dans l\u2019aire d\u2019appellation AOC C\u00f4tes de Provence VINIFICATION Vendanges \u00e0 maturit\u00e9 montante, \u00e9grapp\u00e9e [&hellip;]\n","protected":false},"author":1,"featured_media":0,"parent":0,"menu_order":0,"comment_status":"closed","ping_status":"closed","template":"","meta":{"footnotes":""},"class_list":["post-363","page","type-page","status-publish","hentry"],"_links":{"self":[{"href":"https:\/\/www.masdecadenet.fr\/index.php\/wp-json\/wp\/v2\/pages\/363","targetHints":{"allow":["GET"]}}],"collection":[{"href":"https:\/\/www.masdecadenet.fr\/index.php\/wp-json\/wp\/v2\/pages"}],"about":[{"href":"https:\/\/www.masdecadenet.fr\/index.php\/wp-json\/wp\/v2\/types\/page"}],"author":[{"embeddable":true,"href":"https:\/\/www.masdecadenet.fr\/index.php\/wp-json\/wp\/v2\/users\/1"}],"replies":[{"embeddable":true,"href":"https:\/\/www.masdecadenet.fr\/index.php\/wp-json\/wp\/v2\/comments?post=363"}],"version-history":[{"count":2,"href":"https:\/\/www.masdecadenet.fr\/index.php\/wp-json\/wp\/v2\/pages\/363\/revisions"}],"predecessor-version":[{"id":367,"href":"https:\/\/www.masdecadenet.fr\/index.php\/wp-json\/wp\/v2\/pages\/363\/revisions\/367"}],"wp:attachment":[{"href":"https:\/\/www.masdecadenet.fr\/index.php\/wp-json\/wp\/v2\/media?parent=363"}],"curies":[{"name":"wp","href":"https:\/\/api.w.org\/{rel}","templated":true}]}}