{"id":38,"date":"2016-06-30T10:21:04","date_gmt":"2016-06-30T09:21:04","guid":{"rendered":"http:\/\/www.masdecadenet.fr\/?page_id=38"},"modified":"2020-02-27T23:26:39","modified_gmt":"2020-02-27T22:26:39","slug":"les-vins-du-mas-de-cadenet","status":"publish","type":"page","link":"https:\/\/www.masdecadenet.fr\/index.php\/fr\/les-vins-du-mas-de-cadenet\/","title":{"rendered":"les vins du Mas de Cadenet"},"content":{"rendered":"<p><img loading=\"lazy\" decoding=\"async\" class=\"size-medium wp-image-1520 alignleft\" src=\"http:\/\/www.masdecadenet.fr\/wp-content\/uploads\/2019\/01\/MASDECADENET_02R-244x800.jpg\" alt=\"\" width=\"244\" height=\"800\" \/>2019, UNE NOUVELLE LIGNE DE VIN VOIT LE JOUR<\/p>\n<p>L\u2019achat, l\u2019ann\u00e9e derni\u00e8re, de quinze hectares de vigne et b\u00e2tis aupr\u00e8s d\u2019un cousin \u00e9loign\u00e9, nous a permis de reconstruire le Mas de Cadenet tel que notre famille l\u2019avait acquis en 1813.<\/p>\n<p>Retrouv\u00e9 l\u2019unit\u00e9 parcellaire du domaine nous procure bien s\u00fbr une grande satisfaction. Le sentiment que notre g\u00e9n\u00e9ration (la 7e) a apport\u00e9 sa pierre \u00e0 l\u2019Histoire du Mas de Cadenet : la vie d\u2019une famille passionn\u00e9e par son m\u00e9tier sur un terroir exceptionnel de Provence.<\/p>\n<p>Au lendemain de cet \u00e9v\u00e9nement se pose naturellement la question de l\u2019avenir.<\/p>\n<p>Plus que jamais, notre conviction est de rester fid\u00e8le \u00e0 nos valeurs, celles qui ont fait l\u2019\u00e2me du Mas de Cadenet. Cela ne veut pas dire de \u00ab ne rien changer \u00bb. Bien au contraire, cela implique d\u2019\u00eatre \u00e0 la hauteur de nos engagements !<\/p>\n<p>Nous avons donc renforc\u00e9 les fondements de notre identit\u00e9 autour d\u2019une nouvelle pr\u00e9sentation de nos vins. Celle-ci respecte l\u2019esprit du domaine qui s\u2019est b\u00e2ti sur les valeurs d\u2019exigence, d\u2019int\u00e9grit\u00e9 et de partage.<\/p>\n<p>Fort de son histoire, le Mas de Cadenet se pr\u00e9pare un avenir radieux.<\/p>\n<p>Cette nouvelle organisation des vins du domaine est le symbole de notre engagement, de la quintessence de nos vins et de l\u2019essor de leur notori\u00e9t\u00e9.<\/p>\n","protected":false},"excerpt":{"rendered":"<p>2019, UNE NOUVELLE LIGNE DE VIN VOIT LE JOUR L\u2019achat, l\u2019ann\u00e9e derni\u00e8re, de quinze hectares de vigne et b\u00e2tis aupr\u00e8s d\u2019un cousin \u00e9loign\u00e9, nous a permis de reconstruire le Mas de Cadenet tel que notre famille l\u2019avait acquis en 1813. Retrouv\u00e9 l\u2019unit\u00e9 parcellaire du domaine nous procure bien s\u00fbr une grande satisfaction. Le sentiment que [&hellip;]\n","protected":false},"author":1,"featured_media":0,"parent":0,"menu_order":0,"comment_status":"closed","ping_status":"closed","template":"","meta":{"footnotes":""},"class_list":["post-38","page","type-page","status-publish","hentry"],"_links":{"self":[{"href":"https:\/\/www.masdecadenet.fr\/index.php\/wp-json\/wp\/v2\/pages\/38","targetHints":{"allow":["GET"]}}],"collection":[{"href":"https:\/\/www.masdecadenet.fr\/index.php\/wp-json\/wp\/v2\/pages"}],"about":[{"href":"https:\/\/www.masdecadenet.fr\/index.php\/wp-json\/wp\/v2\/types\/page"}],"author":[{"embeddable":true,"href":"https:\/\/www.masdecadenet.fr\/index.php\/wp-json\/wp\/v2\/users\/1"}],"replies":[{"embeddable":true,"href":"https:\/\/www.masdecadenet.fr\/index.php\/wp-json\/wp\/v2\/comments?post=38"}],"version-history":[{"count":14,"href":"https:\/\/www.masdecadenet.fr\/index.php\/wp-json\/wp\/v2\/pages\/38\/revisions"}],"predecessor-version":[{"id":1624,"href":"https:\/\/www.masdecadenet.fr\/index.php\/wp-json\/wp\/v2\/pages\/38\/revisions\/1624"}],"wp:attachment":[{"href":"https:\/\/www.masdecadenet.fr\/index.php\/wp-json\/wp\/v2\/media?parent=38"}],"curies":[{"name":"wp","href":"https:\/\/api.w.org\/{rel}","templated":true}]}}