{"id":602,"date":"2016-11-27T23:41:48","date_gmt":"2016-11-27T22:41:48","guid":{"rendered":"http:\/\/www.masdecadenet.fr\/?page_id=602"},"modified":"2023-02-22T17:36:20","modified_gmt":"2023-02-22T16:36:20","slug":"notre-philosophie","status":"publish","type":"page","link":"https:\/\/www.masdecadenet.fr\/index.php\/fr\/notre-philosophie\/","title":{"rendered":"NOTRE PHILOSOPHIE"},"content":{"rendered":" \n<div class=\"ux-slider-wrapper relative\">\n    <div class=\"ux-slider iosSlider  slider-style-normal  slider-nav-dark slider-nav-inside slider-nav-circle js-flickity\" \n        data-flickity-options='{ \n            \"cellAlign\": \"center\",\n            \"imagesLoaded\": true,\n            \"lazyLoad\": 1,\n            \"freeScroll\": false,\n            \"wrapAround\": true,\n            \"autoPlay\": 4500,\n            \"prevNextButtons\": true,\n            \"contain\" : true,\n            \"percentPosition\": true,\n            \"pageDots\": true,\n            \"selectedAttraction\" : 0.1,\n            \"friction\": 0.6,\n            \"rightToLeft\": false,\n            \"draggable\": true        }'\n        style=\"\"\n        >\n        <p><img loading=\"lazy\" decoding=\"async\" class=\"aligncenter wp-image-849 size-full\" src=\"http:\/\/www.masdecadenet.fr\/wp-content\/uploads\/2016\/11\/sourrieu2.jpg\" alt=\"sourrieu2\" width=\"1600\" height=\"600\" srcset=\"https:\/\/www.masdecadenet.fr\/wp-content\/uploads\/2016\/11\/sourrieu2.jpg 1600w, https:\/\/www.masdecadenet.fr\/wp-content\/uploads\/2016\/11\/sourrieu2-600x225.jpg 600w, https:\/\/www.masdecadenet.fr\/wp-content\/uploads\/2016\/11\/sourrieu2-800x300.jpg 800w, https:\/\/www.masdecadenet.fr\/wp-content\/uploads\/2016\/11\/sourrieu2-768x288.jpg 768w\" sizes=\"auto, (max-width: 1600px) 100vw, 1600px\" \/><\/p>\n<p><img loading=\"lazy\" decoding=\"async\" class=\"aligncenter wp-image-486 size-full\" src=\"http:\/\/www.masdecadenet.fr\/wp-content\/uploads\/2016\/11\/cave3.jpg\" alt=\"cave3\" width=\"1600\" height=\"600\" srcset=\"https:\/\/www.masdecadenet.fr\/wp-content\/uploads\/2016\/11\/cave3.jpg 1600w, https:\/\/www.masdecadenet.fr\/wp-content\/uploads\/2016\/11\/cave3-600x225.jpg 600w, https:\/\/www.masdecadenet.fr\/wp-content\/uploads\/2016\/11\/cave3-800x300.jpg 800w, https:\/\/www.masdecadenet.fr\/wp-content\/uploads\/2016\/11\/cave3-768x288.jpg 768w\" sizes=\"auto, (max-width: 1600px) 100vw, 1600px\" \/><\/p>\n<p><img loading=\"lazy\" decoding=\"async\" class=\"aligncenter wp-image-517 size-full\" src=\"http:\/\/www.masdecadenet.fr\/wp-content\/uploads\/2016\/11\/maud.jpg\" alt=\"maud\" width=\"1600\" height=\"600\" srcset=\"https:\/\/www.masdecadenet.fr\/wp-content\/uploads\/2016\/11\/maud.jpg 1600w, https:\/\/www.masdecadenet.fr\/wp-content\/uploads\/2016\/11\/maud-600x225.jpg 600w, https:\/\/www.masdecadenet.fr\/wp-content\/uploads\/2016\/11\/maud-800x300.jpg 800w, https:\/\/www.masdecadenet.fr\/wp-content\/uploads\/2016\/11\/maud-768x288.jpg 768w\" sizes=\"auto, (max-width: 1600px) 100vw, 1600px\" \/><\/p>\n<p><img loading=\"lazy\" decoding=\"async\" class=\"aligncenter wp-image-511 size-full\" src=\"http:\/\/www.masdecadenet.fr\/wp-content\/uploads\/2016\/11\/mat.jpg\" alt=\"mat\" width=\"1600\" height=\"600\" srcset=\"https:\/\/www.masdecadenet.fr\/wp-content\/uploads\/2016\/11\/mat.jpg 1600w, https:\/\/www.masdecadenet.fr\/wp-content\/uploads\/2016\/11\/mat-600x225.jpg 600w, https:\/\/www.masdecadenet.fr\/wp-content\/uploads\/2016\/11\/mat-800x300.jpg 800w, https:\/\/www.masdecadenet.fr\/wp-content\/uploads\/2016\/11\/mat-768x288.jpg 768w\" sizes=\"auto, (max-width: 1600px) 100vw, 1600px\" \/><\/p>\n<p><img loading=\"lazy\" decoding=\"async\" class=\"aligncenter wp-image-516 size-full\" src=\"http:\/\/www.masdecadenet.fr\/wp-content\/uploads\/2016\/11\/mat6.jpg\" alt=\"mat6\" width=\"1600\" height=\"600\" srcset=\"https:\/\/www.masdecadenet.fr\/wp-content\/uploads\/2016\/11\/mat6.jpg 1600w, https:\/\/www.masdecadenet.fr\/wp-content\/uploads\/2016\/11\/mat6-600x225.jpg 600w, https:\/\/www.masdecadenet.fr\/wp-content\/uploads\/2016\/11\/mat6-800x300.jpg 800w, https:\/\/www.masdecadenet.fr\/wp-content\/uploads\/2016\/11\/mat6-768x288.jpg 768w\" sizes=\"auto, (max-width: 1600px) 100vw, 1600px\" \/><\/p>\n<p><img loading=\"lazy\" decoding=\"async\" class=\"aligncenter wp-image-487 size-full\" src=\"http:\/\/www.masdecadenet.fr\/wp-content\/uploads\/2016\/11\/cocinelle.jpg\" alt=\"cocinelle\" width=\"1600\" height=\"600\" srcset=\"https:\/\/www.masdecadenet.fr\/wp-content\/uploads\/2016\/11\/cocinelle.jpg 1600w, https:\/\/www.masdecadenet.fr\/wp-content\/uploads\/2016\/11\/cocinelle-600x225.jpg 600w, https:\/\/www.masdecadenet.fr\/wp-content\/uploads\/2016\/11\/cocinelle-800x300.jpg 800w, https:\/\/www.masdecadenet.fr\/wp-content\/uploads\/2016\/11\/cocinelle-768x288.jpg 768w\" sizes=\"auto, (max-width: 1600px) 100vw, 1600px\" \/><\/p>\n     <\/div>\n    <div class=\"ux-loading dark\"><\/div>\n<\/div><!-- .ux-slider-wrapper -->\n\n\n<p>Nous travaillons avec la nature et la respectons sous tous ses aspects. Nous souhaitons retracer toutes ses facettes dans leur int\u00e9gralit\u00e9:\u00a0de la vigne au raisin, du raisin au vin. La culture Biologique est pour nous une \u00e9vidence pour parvenir \u00e0 ce but.<\/p>\n<p>Nous r\u00e9alisons plusieurs cuv\u00e9es afin de restituer le plus justement les particularit\u00e9s de notre terroir. Nos cuv\u00e9es sont bas\u00e9es sur la nature de nos sols; l&#8217;\u00e2ge de nos vignes et leur potentiel. Cette d\u00e9marche tr\u00e8s en amont apporte \u00e0 nos vins un style affirm\u00e9 et authentique.<\/p>\n<p>Nous n&#8217;imaginons pas de repas sans vins, comme nous n&#8217;imaginons pas de vins sans plats.<br \/>\nNous avons pour ambition de r\u00e9aliser des vins gastronomiques; des vins d\u00e9licats et de tenues qui s&#8217;accordent avec la cuisine.<br \/>\nNos vins sont aussi une interpr\u00e9tation de notre terroir avec notre sensibilit\u00e9 afin qu&#8217;ils puissent s&#8217;\u00e9panouir lorsqu&#8217;ils rencontrent un plat.<\/p>\n<p>La cuisine est en perp\u00e9tuelle \u00e9volution avec diff\u00e9rents courants et style. Nous nous appliquons cette m\u00eame r\u00e9flexion. Nous explorons ces tendances que nous appliquons \u00e0 nos vins.<br \/>\nNos vins ne sont pas immuables, ils sont la rencontre d&#8217;un terroir, d&#8217;un mill\u00e9sime et de notre sensibilit\u00e9 de vigneron. Nous sommes en phase avec la gastronomie actuelle en recherche permanente et foisonnante d&#8217;id\u00e9es.<\/p>\n<p>L&#8217;authenticit\u00e9 n&#8217;emp\u00eache pas de s&#8217;inscrit pas une d\u00e9marche moderne.<\/p>\n","protected":false},"excerpt":{"rendered":"<p>Nous travaillons avec la nature et la respectons sous tous ses aspects. Nous souhaitons retracer toutes ses facettes dans leur int\u00e9gralit\u00e9:\u00a0de la vigne au raisin, du raisin au vin. La culture Biologique est pour nous une \u00e9vidence pour parvenir \u00e0 ce but. Nous r\u00e9alisons plusieurs cuv\u00e9es afin de restituer le plus justement les particularit\u00e9s de [&hellip;]\n","protected":false},"author":1,"featured_media":0,"parent":0,"menu_order":0,"comment_status":"closed","ping_status":"closed","template":"","meta":{"footnotes":""},"class_list":["post-602","page","type-page","status-publish","hentry"],"_links":{"self":[{"href":"https:\/\/www.masdecadenet.fr\/index.php\/wp-json\/wp\/v2\/pages\/602","targetHints":{"allow":["GET"]}}],"collection":[{"href":"https:\/\/www.masdecadenet.fr\/index.php\/wp-json\/wp\/v2\/pages"}],"about":[{"href":"https:\/\/www.masdecadenet.fr\/index.php\/wp-json\/wp\/v2\/types\/page"}],"author":[{"embeddable":true,"href":"https:\/\/www.masdecadenet.fr\/index.php\/wp-json\/wp\/v2\/users\/1"}],"replies":[{"embeddable":true,"href":"https:\/\/www.masdecadenet.fr\/index.php\/wp-json\/wp\/v2\/comments?post=602"}],"version-history":[{"count":26,"href":"https:\/\/www.masdecadenet.fr\/index.php\/wp-json\/wp\/v2\/pages\/602\/revisions"}],"predecessor-version":[{"id":2399,"href":"https:\/\/www.masdecadenet.fr\/index.php\/wp-json\/wp\/v2\/pages\/602\/revisions\/2399"}],"wp:attachment":[{"href":"https:\/\/www.masdecadenet.fr\/index.php\/wp-json\/wp\/v2\/media?parent=602"}],"curies":[{"name":"wp","href":"https:\/\/api.w.org\/{rel}","templated":true}]}}