{"id":62,"date":"2016-06-30T10:35:59","date_gmt":"2016-06-30T09:35:59","guid":{"rendered":"http:\/\/www.masdecadenet.fr\/?page_id=62"},"modified":"2024-07-20T15:51:50","modified_gmt":"2024-07-20T14:51:50","slug":"oeno-tourisme","status":"publish","type":"page","link":"https:\/\/www.masdecadenet.fr\/index.php\/fr\/oeno-tourisme\/","title":{"rendered":"OENO-TOURISME"},"content":{"rendered":"<p>A 20 minutes d&#8217;Aix en Provence et 30 minutes de Marseille, au pied de la montagne Sainte Victoire, la famille N\u00e9grel vous re\u00e7oit dans son vignoble pour faire d\u00e9couvrir son domaine et sa culture proven\u00e7ale.<br \/>\nLes visites offrent un contact rare avec les hommes et les outils qui font le vin. Une immersion directe dans l&#8217;univers du vin.<br \/>\nDes\u00a0jeux oenologiques sont organis\u00e9s pour approfondir et prolonger les\u00a0visites et s\u00e9minaires.<\/p>\n","protected":false},"excerpt":{"rendered":"<p>A 20 minutes d&#8217;Aix en Provence et 30 minutes de Marseille, au pied de la montagne Sainte Victoire, la famille N\u00e9grel vous re\u00e7oit dans son vignoble pour faire d\u00e9couvrir son domaine et sa culture proven\u00e7ale. Les visites offrent un contact rare avec les hommes et les outils qui font le vin. Une immersion directe dans [&hellip;]\n","protected":false},"author":1,"featured_media":0,"parent":0,"menu_order":0,"comment_status":"closed","ping_status":"closed","template":"","meta":{"footnotes":""},"class_list":["post-62","page","type-page","status-publish","hentry"],"_links":{"self":[{"href":"https:\/\/www.masdecadenet.fr\/index.php\/wp-json\/wp\/v2\/pages\/62","targetHints":{"allow":["GET"]}}],"collection":[{"href":"https:\/\/www.masdecadenet.fr\/index.php\/wp-json\/wp\/v2\/pages"}],"about":[{"href":"https:\/\/www.masdecadenet.fr\/index.php\/wp-json\/wp\/v2\/types\/page"}],"author":[{"embeddable":true,"href":"https:\/\/www.masdecadenet.fr\/index.php\/wp-json\/wp\/v2\/users\/1"}],"replies":[{"embeddable":true,"href":"https:\/\/www.masdecadenet.fr\/index.php\/wp-json\/wp\/v2\/comments?post=62"}],"version-history":[{"count":4,"href":"https:\/\/www.masdecadenet.fr\/index.php\/wp-json\/wp\/v2\/pages\/62\/revisions"}],"predecessor-version":[{"id":2476,"href":"https:\/\/www.masdecadenet.fr\/index.php\/wp-json\/wp\/v2\/pages\/62\/revisions\/2476"}],"wp:attachment":[{"href":"https:\/\/www.masdecadenet.fr\/index.php\/wp-json\/wp\/v2\/media?parent=62"}],"curies":[{"name":"wp","href":"https:\/\/api.w.org\/{rel}","templated":true}]}}