{"id":65,"date":"2016-06-30T10:40:10","date_gmt":"2016-06-30T09:40:10","guid":{"rendered":"http:\/\/www.masdecadenet.fr\/?page_id=65"},"modified":"2024-11-03T00:52:32","modified_gmt":"2024-11-02T23:52:32","slug":"visite-du-domaine","status":"publish","type":"page","link":"https:\/\/www.masdecadenet.fr\/index.php\/fr\/visite-du-domaine\/","title":{"rendered":"VISITE DU DOMAINE"},"content":{"rendered":"<div style=\"width: 1020px;\" class=\"wp-video\"><!--[if lt IE 9]><script>document.createElement('video');<\/script><![endif]-->\n<video class=\"wp-video-shortcode\" id=\"video-65-1\" width=\"1020\" height=\"574\" preload=\"metadata\" controls=\"controls\"><source type=\"video\/mp4\" src=\"https:\/\/www.masdecadenet.fr\/wp-content\/uploads\/2024\/08\/FILM-OENOTOURISME-MAS-DE-CADENET-3.mp4?_=1\" \/><a href=\"https:\/\/www.masdecadenet.fr\/wp-content\/uploads\/2024\/08\/FILM-OENOTOURISME-MAS-DE-CADENET-3.mp4\">https:\/\/www.masdecadenet.fr\/wp-content\/uploads\/2024\/08\/FILM-OENOTOURISME-MAS-DE-CADENET-3.mp4<\/a><\/video><\/div>\n<hr \/>\n<p><strong>VISITE PRIVATIVE<\/strong><\/p>\n<p><em>Dur\u00e9e : 60min<\/em><br \/><em>Tarif : 14\u20ac\/pers (minimum 4 personnes)<br \/><\/em><\/p>\n<p>La visite suit le parcours du grain de raisin jusqu\u2019\u00e0 la bouteille de vin. Tout au long du chemin, la pr\u00e9sentation des outils permet de comprendre de mani\u00e8re simple et concr\u00e8te les \u00e9tapes de la cr\u00e9ation des vins rouge, ros\u00e9 et blanc.<br \/>Apr\u00e8s un mot d&#8217;accueil dans le vignoble, nous vous accompagnons la salle de cuvaison puis les chais pour vous pr\u00e9senter les m\u00e9thodes et outils de vinification. Nous concluons la visite par une d\u00e9gustation de 4 vins du domaine.<\/p>\n<p>Merci de nous contacter par <a href=\"mailto:boutique@masdecadenet.fr\">e-mail<\/a> afin d&#8217;organiser votre visite.<\/p>\n<p><strong>EXCURSION DANS LE VIGNOBLE<\/strong><br \/>Excursion en van climatis\u00e9 organis\u00e9e depuis l&#8217;office de tourisme d&#8217;Aix en Provence. Ces visites de plusieurs domaines ont \u00e9t\u00e9 sp\u00e9cialement con\u00e7ues pour proposer une exp\u00e9rience \u00e9ducative et accessible \u00e0 tous dans une ambiance d\u00e9tendue. <br \/>Plus d&#8217;informations sur le site de , <a href=\"https:\/\/www.ophorus.com\/product\/787\/private-wine-tour-from-aix-en-provence-a-personalized-vineyard-visit\" target=\"_blank\" rel=\"noopener\">Ophorus<\/a>, <a href=\"https:\/\/provencewinetours.com\/fr\/excursion-oenologique-en-cotes-de-provence-sainte-victoire-demi-journee\/\">Provence Wine Tour<\/a><\/p>\n","protected":false},"excerpt":{"rendered":"<p>VISITE PRIVATIVE Dur\u00e9e : 60minTarif : 14\u20ac\/pers (minimum 4 personnes) La visite suit le parcours du grain de raisin jusqu\u2019\u00e0 la bouteille de vin. Tout au long du chemin, la pr\u00e9sentation des outils permet de comprendre de mani\u00e8re simple et concr\u00e8te les \u00e9tapes de la cr\u00e9ation des vins rouge, ros\u00e9 et blanc.Apr\u00e8s un mot d&#8217;accueil [&hellip;]\n","protected":false},"author":1,"featured_media":0,"parent":0,"menu_order":0,"comment_status":"closed","ping_status":"closed","template":"","meta":{"footnotes":""},"class_list":["post-65","page","type-page","status-publish","hentry"],"_links":{"self":[{"href":"https:\/\/www.masdecadenet.fr\/index.php\/wp-json\/wp\/v2\/pages\/65","targetHints":{"allow":["GET"]}}],"collection":[{"href":"https:\/\/www.masdecadenet.fr\/index.php\/wp-json\/wp\/v2\/pages"}],"about":[{"href":"https:\/\/www.masdecadenet.fr\/index.php\/wp-json\/wp\/v2\/types\/page"}],"author":[{"embeddable":true,"href":"https:\/\/www.masdecadenet.fr\/index.php\/wp-json\/wp\/v2\/users\/1"}],"replies":[{"embeddable":true,"href":"https:\/\/www.masdecadenet.fr\/index.php\/wp-json\/wp\/v2\/comments?post=65"}],"version-history":[{"count":39,"href":"https:\/\/www.masdecadenet.fr\/index.php\/wp-json\/wp\/v2\/pages\/65\/revisions"}],"predecessor-version":[{"id":2553,"href":"https:\/\/www.masdecadenet.fr\/index.php\/wp-json\/wp\/v2\/pages\/65\/revisions\/2553"}],"wp:attachment":[{"href":"https:\/\/www.masdecadenet.fr\/index.php\/wp-json\/wp\/v2\/media?parent=65"}],"curies":[{"name":"wp","href":"https:\/\/api.w.org\/{rel}","templated":true}]}}