{"id":68,"date":"2016-06-30T10:41:26","date_gmt":"2016-06-30T09:41:26","guid":{"rendered":"http:\/\/www.masdecadenet.fr\/?page_id=68"},"modified":"2024-08-23T16:52:02","modified_gmt":"2024-08-23T15:52:02","slug":"animation-reception","status":"publish","type":"page","link":"https:\/\/www.masdecadenet.fr\/index.php\/fr\/oeno-tourisme\/animation-reception\/","title":{"rendered":"ANIMATION &amp; R\u00c9CEPTION"},"content":{"rendered":"<hr \/>\n \n<div class=\"ux-slider-wrapper relative\">\n    <div class=\"ux-slider iosSlider  slider-style-normal  slider-nav-dark slider-nav-inside slider-nav-circle js-flickity\" \n        data-flickity-options='{ \n            \"cellAlign\": \"center\",\n            \"imagesLoaded\": true,\n            \"lazyLoad\": 1,\n            \"freeScroll\": false,\n            \"wrapAround\": true,\n            \"autoPlay\": 4500,\n            \"prevNextButtons\": true,\n            \"contain\" : true,\n            \"percentPosition\": true,\n            \"pageDots\": true,\n            \"selectedAttraction\" : 0.1,\n            \"friction\": 0.6,\n            \"rightToLeft\": false,\n            \"draggable\": true        }'\n        style=\"\"\n        >\n        <p><img loading=\"lazy\" decoding=\"async\" class=\"aligncenter wp-image-2502 size-full\" src=\"https:\/\/www.masdecadenet.fr\/wp-content\/uploads\/2024\/08\/19-05-2022-Mas-de-Cadenet-BD-058-e1724426900665.jpg\" alt=\"\" width=\"2048\" height=\"768\" srcset=\"https:\/\/www.masdecadenet.fr\/wp-content\/uploads\/2024\/08\/19-05-2022-Mas-de-Cadenet-BD-058-e1724426900665.jpg 2048w, https:\/\/www.masdecadenet.fr\/wp-content\/uploads\/2024\/08\/19-05-2022-Mas-de-Cadenet-BD-058-e1724426900665-700x263.jpg 700w, https:\/\/www.masdecadenet.fr\/wp-content\/uploads\/2024\/08\/19-05-2022-Mas-de-Cadenet-BD-058-e1724426900665-1500x563.jpg 1500w, https:\/\/www.masdecadenet.fr\/wp-content\/uploads\/2024\/08\/19-05-2022-Mas-de-Cadenet-BD-058-e1724426900665-768x288.jpg 768w, https:\/\/www.masdecadenet.fr\/wp-content\/uploads\/2024\/08\/19-05-2022-Mas-de-Cadenet-BD-058-e1724426900665-1536x576.jpg 1536w, https:\/\/www.masdecadenet.fr\/wp-content\/uploads\/2024\/08\/19-05-2022-Mas-de-Cadenet-BD-058-e1724426900665-600x225.jpg 600w\" sizes=\"auto, (max-width: 2048px) 100vw, 2048px\" \/><\/p>\n<p><img loading=\"lazy\" decoding=\"async\" class=\"aligncenter wp-image-537 size-full\" src=\"http:\/\/www.masdecadenet.fr\/wp-content\/uploads\/2016\/11\/pano.cave_.jpg\" alt=\"pano-cave\" width=\"1600\" height=\"600\" srcset=\"https:\/\/www.masdecadenet.fr\/wp-content\/uploads\/2016\/11\/pano.cave_.jpg 1600w, https:\/\/www.masdecadenet.fr\/wp-content\/uploads\/2016\/11\/pano.cave_-600x225.jpg 600w, https:\/\/www.masdecadenet.fr\/wp-content\/uploads\/2016\/11\/pano.cave_-800x300.jpg 800w, https:\/\/www.masdecadenet.fr\/wp-content\/uploads\/2016\/11\/pano.cave_-768x288.jpg 768w\" sizes=\"auto, (max-width: 1600px) 100vw, 1600px\" \/><\/p>\n<p><img loading=\"lazy\" decoding=\"async\" class=\"aligncenter wp-image-2503 size-full\" src=\"https:\/\/www.masdecadenet.fr\/wp-content\/uploads\/2024\/08\/19-05-2022-Mas-de-Cadenet-BD-064-e1724427198249.jpg\" alt=\"\" width=\"2048\" height=\"768\" srcset=\"https:\/\/www.masdecadenet.fr\/wp-content\/uploads\/2024\/08\/19-05-2022-Mas-de-Cadenet-BD-064-e1724427198249.jpg 2048w, https:\/\/www.masdecadenet.fr\/wp-content\/uploads\/2024\/08\/19-05-2022-Mas-de-Cadenet-BD-064-e1724427198249-700x263.jpg 700w, https:\/\/www.masdecadenet.fr\/wp-content\/uploads\/2024\/08\/19-05-2022-Mas-de-Cadenet-BD-064-e1724427198249-1500x563.jpg 1500w, https:\/\/www.masdecadenet.fr\/wp-content\/uploads\/2024\/08\/19-05-2022-Mas-de-Cadenet-BD-064-e1724427198249-768x288.jpg 768w, https:\/\/www.masdecadenet.fr\/wp-content\/uploads\/2024\/08\/19-05-2022-Mas-de-Cadenet-BD-064-e1724427198249-1536x576.jpg 1536w, https:\/\/www.masdecadenet.fr\/wp-content\/uploads\/2024\/08\/19-05-2022-Mas-de-Cadenet-BD-064-e1724427198249-600x225.jpg 600w\" sizes=\"auto, (max-width: 2048px) 100vw, 2048px\" \/><\/p>\n     <\/div>\n    <div class=\"ux-loading dark\"><\/div>\n<\/div><!-- .ux-slider-wrapper -->\n\n\n<p><strong>ANIMATION<\/strong><br \/>\nIl est possible d&#8217;agr\u00e9menter votre visite d&#8217;autres animations:<br \/>\n&#8211; D\u00e9gustation \u00e0 l&#8217;aveugle<br \/>\n&#8211; Accords mets et vins<br \/>\n&#8211; D\u00e9gustation verticale<\/p>\n<p><strong>R\u00c9CEPTION<\/strong><br \/>\nPour les \u00e9v\u00e9nements professionnels ou \u0153nologiques, un service traiteur peut \u00eatre mis en place pour des repas en ext\u00e9rieur sous le auvent, ou \u00e0 l&#8217;int\u00e9rieur dans les chais.<\/p>\n<p>Nous contacter pour plus de renseignements.<\/p>\n","protected":false},"excerpt":{"rendered":"<p>ANIMATION Il est possible d&#8217;agr\u00e9menter votre visite d&#8217;autres animations: &#8211; D\u00e9gustation \u00e0 l&#8217;aveugle &#8211; Accords mets et vins &#8211; D\u00e9gustation verticale R\u00c9CEPTION Pour les \u00e9v\u00e9nements professionnels ou \u0153nologiques, un service traiteur peut \u00eatre mis en place pour des repas en ext\u00e9rieur sous le auvent, ou \u00e0 l&#8217;int\u00e9rieur dans les chais. Nous contacter pour plus de [&hellip;]\n","protected":false},"author":1,"featured_media":15,"parent":62,"menu_order":0,"comment_status":"closed","ping_status":"closed","template":"","meta":{"footnotes":""},"class_list":["post-68","page","type-page","status-publish","has-post-thumbnail","hentry"],"_links":{"self":[{"href":"https:\/\/www.masdecadenet.fr\/index.php\/wp-json\/wp\/v2\/pages\/68","targetHints":{"allow":["GET"]}}],"collection":[{"href":"https:\/\/www.masdecadenet.fr\/index.php\/wp-json\/wp\/v2\/pages"}],"about":[{"href":"https:\/\/www.masdecadenet.fr\/index.php\/wp-json\/wp\/v2\/types\/page"}],"author":[{"embeddable":true,"href":"https:\/\/www.masdecadenet.fr\/index.php\/wp-json\/wp\/v2\/users\/1"}],"replies":[{"embeddable":true,"href":"https:\/\/www.masdecadenet.fr\/index.php\/wp-json\/wp\/v2\/comments?post=68"}],"version-history":[{"count":5,"href":"https:\/\/www.masdecadenet.fr\/index.php\/wp-json\/wp\/v2\/pages\/68\/revisions"}],"predecessor-version":[{"id":2520,"href":"https:\/\/www.masdecadenet.fr\/index.php\/wp-json\/wp\/v2\/pages\/68\/revisions\/2520"}],"up":[{"embeddable":true,"href":"https:\/\/www.masdecadenet.fr\/index.php\/wp-json\/wp\/v2\/pages\/62"}],"wp:featuredmedia":[{"embeddable":true,"href":"https:\/\/www.masdecadenet.fr\/index.php\/wp-json\/wp\/v2\/media\/15"}],"wp:attachment":[{"href":"https:\/\/www.masdecadenet.fr\/index.php\/wp-json\/wp\/v2\/media?parent=68"}],"curies":[{"name":"wp","href":"https:\/\/api.w.org\/{rel}","templated":true}]}}