{"id":884,"date":"2016-12-01T23:15:31","date_gmt":"2016-12-01T22:15:31","guid":{"rendered":"http:\/\/www.masdecadenet.fr\/?page_id=884"},"modified":"2021-08-20T18:12:44","modified_gmt":"2021-08-20T17:12:44","slug":"grandegarde-2","status":"publish","type":"page","link":"https:\/\/www.masdecadenet.fr\/index.php\/en\/grandegarde-2\/","title":{"rendered":"GRANDE GARDE"},"content":{"rendered":"<div class=\"wp-block-cover has-background-dim-10 has-background-dim\"><img decoding=\"async\" class=\"wp-block-cover__image-background wp-image-1586\" alt=\"\" src=\"http:\/\/www.masdecadenet.fr\/wp-content\/uploads\/2020\/02\/Mas-de-Cadenet-HD-051.jpg\" style=\"object-position:48% 66%\" data-object-fit=\"cover\" data-object-position=\"48% 66%\"\/><\/p>\n<div class=\"wp-block-cover__inner-container is-layout-flow wp-block-cover-is-layout-flow\">\n<h1 class=\"wp-block-heading\"><strong>OUR VISION OF THE FINEST PROVENCE WINES<\/strong><\/h1>\n<p class=\"has-very-dark-gray-color has-very-light-gray-background-color has-text-color has-background\">Resulting of meticulous work in the vineyard and in the cellar, this cuv\u00e9e offers sublime gastronomic wines with great aging potential. This cuv\u00e9e has a limited distribution in well-known gourmet and Michelin stared restaurants. Like their cuisine, this ambitious wine has a strong personality.<br \/>You can find this rare wines at: Le Petit Nice, G\u00e9rald Passedat ***, Ch\u00e2teau La Pioline, Pierre Reboul *, Le Saint Est\u00e8ve &#8211; Les Lodges, Julien Le Goff *, La Magdeleine, Mathias Dandine *, La Palme d&#8217;Or &#8211; Le Martinez, Chrisitan Sinicropi **, to name a few and without forgetting many others that we appreciate so much\u2026<\/p>\n<div class=\"wp-block-image\">\n<figure class=\"alignright size-large is-resized\"><img loading=\"lazy\" decoding=\"async\" src=\"http:\/\/www.masdecadenet.fr\/wp-content\/uploads\/2016\/07\/bio.HD_-1.jpg\" alt=\"\" class=\"wp-image-670\" width=\"118\" height=\"52\"\/><\/figure>\n<\/div>\n<\/div>\n<\/div>\n<h3 class=\"wp-block-heading\">&nbsp;<\/h3>\n\t<div  class=\"row container \">\n<div class=\"small-12    large-4  columns   \"  ><div class=\"column-inner\"  >\n<h2 style=\"text-align: right;\">GRANDE GARDE ROSE<\/h2>\n<p><img loading=\"lazy\" decoding=\"async\" class=\"alignleft wp-image-1584 size-thumbnail\" src=\"http:\/\/www.masdecadenet.fr\/wp-content\/uploads\/2020\/02\/Mas-de-Cadenet-HD-074-340x340.jpg\" alt=\"\" width=\"340\" height=\"340\" srcset=\"https:\/\/www.masdecadenet.fr\/wp-content\/uploads\/2020\/02\/Mas-de-Cadenet-HD-074-340x340.jpg 340w, https:\/\/www.masdecadenet.fr\/wp-content\/uploads\/2020\/02\/Mas-de-Cadenet-HD-074-scaled-300x300.jpg 300w, https:\/\/www.masdecadenet.fr\/wp-content\/uploads\/2020\/02\/Mas-de-Cadenet-HD-074-scaled-100x100.jpg 100w\" sizes=\"auto, (max-width: 340px) 100vw, 340px\" \/><\/p>\n<\/div><\/div>\n<div class=\"small-12    large-8  columns   \"  ><div class=\"column-inner\"  >\n<p style=\"text-align: justify;\"><strong>STYLE<br \/>\n<\/strong>Usually considered as original, this cuv\u00e9e demonstrates that ros\u00e9 is also a great wine able to flourish over time.<br \/>\nThe old vines selection, the meticulous work on the lees and micro-oxygenation give a fresh and unctuous texture to this ros\u00e9. It also bring an specific aromatic palette on ripe fruit and spices (quince, mango, blood orange , nutmeg, gingerbread, &#8230;)<br \/>\nThe density and length of this wine takes it away from the aperitif register. This ros\u00e9 often finds its place around tomatoes stew sauce as well as classic dishes: bouillabaisse, ratatouille, lasagna, prawns with american sauce<\/p>\n<p style=\"text-align: justify;\"><b><strong>TASTING NOTE<\/strong><br \/>\n<\/b>The nose is intense with notes of orange, quince and nutmeg. The attack is full and round on the palate. Rich aromas of honey, licorice and fruits. A smooth and long delicate finish. Drink at 14\u00b0C with tomato sauce specialties. A 5 years ageing potential. <\/p>\n<p><b><strong>GRAPE VARIETIES<\/strong><br \/>\n<\/b>70% Grenache \u2013 30% Syrah<\/p>\n<h5 class=\"alt-font thin-font\" style=\"text-align: right;\"><a href=\"http:\/\/www.masdecadenet.fr\/wp-content\/uploads\/2020\/03\/FT_GrandeGarde_Rose_anglais.pdf\" target=\"_blank\" rel=\"noopener noreferrer\">Download technical file<\/a><\/h5>\n<\/div><\/div>\n<\/div>\n  \n<hr class=\"wp-block-separator\"\/>\n\t<div  class=\"row container \">\n<div class=\"small-12    large-4  columns   \"  ><div class=\"column-inner\"  >\n<h2 style=\"text-align: right;\">GRANDE GARDE WHITE<\/h2>\n<p><img loading=\"lazy\" decoding=\"async\" class=\"alignnone wp-image-1585 size-thumbnail\" src=\"http:\/\/www.masdecadenet.fr\/wp-content\/uploads\/2020\/02\/Mas-de-Cadenet-HD-070-340x340.jpg\" alt=\"\" width=\"340\" height=\"340\" srcset=\"https:\/\/www.masdecadenet.fr\/wp-content\/uploads\/2020\/02\/Mas-de-Cadenet-HD-070-340x340.jpg 340w, https:\/\/www.masdecadenet.fr\/wp-content\/uploads\/2020\/02\/Mas-de-Cadenet-HD-070-scaled-300x300.jpg 300w, https:\/\/www.masdecadenet.fr\/wp-content\/uploads\/2020\/02\/Mas-de-Cadenet-HD-070-scaled-100x100.jpg 100w\" sizes=\"auto, (max-width: 340px) 100vw, 340px\" \/><\/p>\n<\/div><\/div>\n<div class=\"small-12    large-8  columns   \"  ><div class=\"column-inner\"  >\n<p style=\"text-align: justify;\"><b>STYLE<br \/>\n<\/b>On one hand, the Sainte Victoire terroir carries the freshness of the wine; one the other hand the burgundy vinification methods brings a magnificent presence to this white vermentino (rolle)wine.<br \/>\nBeyond the Vermentino (rolle) grape organoleptic character, this wine shows the amazing aging ability of vermentino (rolle). The wine is now fuller with floral and dry fruits aromas.<\/p>\n<p style=\"text-align: justify;\"><b><strong>TASTING NOTE<\/strong><\/b><br \/>\nA forward nose of flowers and beeswax. The mouth is opulent with aromas of citrus, pear and beeswax. Dense and complex with a long finish. Serve at 14\u00b0C.<\/p>\n<p style=\"text-align: justify;\"><b><strong>GRAPE VARIETY<\/strong><\/b><br \/>\n100% Rolle<\/p>\n<h5 class=\"alt-font thin-font\" style=\"text-align: right;\"><a href=\"http:\/\/www.masdecadenet.fr\/wp-content\/uploads\/2020\/03\/FT_GrandeGarde_Blanc_anglais.pdf\" target=\"_blank\" rel=\"noopener noreferrer\">Download technical file<\/a><\/h5>\n<\/div><\/div>\n<\/div>\n  \n<hr class=\"wp-block-separator\"\/>\n\t<div  class=\"row container \">\n<div class=\"small-12    large-4  columns   \"  ><div class=\"column-inner\"  >\n<h2 style=\"text-align: right;\">GRANDE GARDE RED<\/h2>\n<p><img loading=\"lazy\" decoding=\"async\" class=\"alignnone wp-image-1586 size-thumbnail\" src=\"http:\/\/www.masdecadenet.fr\/wp-content\/uploads\/2020\/02\/Mas-de-Cadenet-HD-051-340x340.jpg\" alt=\"\" width=\"340\" height=\"340\" srcset=\"https:\/\/www.masdecadenet.fr\/wp-content\/uploads\/2020\/02\/Mas-de-Cadenet-HD-051-340x340.jpg 340w, https:\/\/www.masdecadenet.fr\/wp-content\/uploads\/2020\/02\/Mas-de-Cadenet-HD-051-scaled-300x300.jpg 300w, https:\/\/www.masdecadenet.fr\/wp-content\/uploads\/2020\/02\/Mas-de-Cadenet-HD-051-scaled-100x100.jpg 100w\" sizes=\"auto, (max-width: 340px) 100vw, 340px\" \/><\/p>\n<\/div><\/div>\n<div class=\"small-12    large-8  columns   \"  ><div class=\"column-inner\"  >\n<p style=\"text-align: justify;\"><strong>STYLE<br \/>\n<\/strong>This wine has now become a great classic, it is one of the very first Grand Vin made in Provence.<br \/>\nThe selection of the most beautiful plots, careful gestures in the cellar, mindfull aging, everything is done to make &#8220;the most&#8221; of the estate. Energy, concentration, silky, juice, everything is there\u2026<br \/>\nFrank and powerful in his youth, he combines eloquently with long cooking dishes. 10, 20, 30 years pass and the wine is still there; even more, it becomes more complex and more refined. It will then be appreciated on red meat master piece.<\/p>\n<p style=\"text-align: justify;\"><b><strong>TASTING NOTE<\/strong><\/b><br \/>\nA fleshy, plush texture. An intense complexity of aromas going from spices to fruits. A rich and voluptuous finish. Serve at 18\u00b0C, perfect on a T-Bone.<\/p>\n<p style=\"text-align: justify;\"><b><strong>GRAPE VARIETIES<\/strong><br \/>\n<\/b>60% Syrah \u2013 40%Grenache<\/p>\n<h5 class=\"alt-font thin-font\" style=\"text-align: right;\"><a href=\"http:\/\/www.masdecadenet.fr\/wp-content\/uploads\/2020\/03\/FT_GrandeGarde_Rouge_anglais.pdf\" target=\"_blank\" rel=\"noopener noreferrer\">Download technical file<\/a><\/h5>\n<\/div><\/div>\n<\/div>\n  \n\n\t\t<div class=\"social-icons share-row\">\n\t\t\t\t<a href=\"whatsapp:\/\/send?text=GRANDE%2520GARDE%20-%20https%3A%2F%2Fwww.masdecadenet.fr%2Findex.php%2Fen%2Fgrandegarde-2%2F\" data-action=\"share\/whatsapp\/share\" class=\"icon icon_whatsapp tip-top\" rel=\"nofollow\" title=\"Share on WhatsApp\"><span class=\"icon-phone\" \/><\/a>\t\t<a href=\"http:\/\/www.facebook.com\/sharer.php?u=https:\/\/www.masdecadenet.fr\/index.php\/en\/grandegarde-2\/\" onclick=\"window.open(this.href,this.title,'width=500,height=500,top=300px,left=300px');  return false;\"  rel=\"nofollow\" target=\"_blank\" class=\"icon icon_facebook tip-top\" title=\"Share on Facebook\"><span class=\"icon-facebook\"><\/span><\/a>\t\t<a href=\"https:\/\/twitter.com\/share?url=https:\/\/www.masdecadenet.fr\/index.php\/en\/grandegarde-2\/\" onclick=\"window.open(this.href,this.title,'width=500,height=500,top=300px,left=300px');  return false;\"  rel=\"nofollow\" target=\"_blank\" class=\"icon icon_twitter tip-top\" title=\"Share on Twitter\"><span class=\"icon-twitter\"><\/span><\/a>\t\t<a href=\"mailto:enteryour@addresshere.com?subject=GRANDE%20GARDE&amp;body=Check%20this%20out:%20https:\/\/www.masdecadenet.fr\/index.php\/en\/grandegarde-2\/\" rel=\"nofollow\" class=\"icon icon_email tip-top\" title=\"Email to a Friend\"><span class=\"icon-envelop\"><\/span><\/a>\t\t<a href=\"\/\/www.linkedin.com\/shareArticle?mini=true&url=https:\/\/www.masdecadenet.fr\/index.php\/en\/grandegarde-2\/&title=GRANDE%20GARDE\" onclick=\"window.open(this.href,this.title,'width=500,height=500,top=300px,left=300px');  return false;\"  rel=\"nofollow\" target=\"_blank\" class=\"icon icon_linkedin tip-top\" title=\"Share on LinkedIn\"><span class=\"icon-linkedin\"><\/span><\/a>\t\t<a href=\"\/\/pinterest.com\/pin\/create\/button\/?url=https:\/\/www.masdecadenet.fr\/index.php\/en\/grandegarde-2\/&amp;media=&amp;description=GRANDE%20GARDE\" onclick=\"window.open(this.href,this.title,'width=500,height=500,top=300px,left=300px');  return false;\"  rel=\"nofollow\" target=\"_blank\" class=\"icon icon_pintrest tip-top\" title=\"Pin on Pinterest\"><span class=\"icon-pinterest\"><\/span><\/a>\t\t<a href=\"\/\/plus.google.com\/share?url=https:\/\/www.masdecadenet.fr\/index.php\/en\/grandegarde-2\/\" target=\"_blank\" class=\"icon icon_googleplus tip-top\" onclick=\"window.open(this.href,this.title,'width=500,height=500,top=300px,left=300px');  return false;\"  rel=\"nofollow\" title=\"Share on Google+\"><span class=\"icon-google-plus\"><\/span><\/a>\t\t<a href=\"\/\/tumblr.com\/widgets\/share\/tool?canonicalUrl=https:\/\/www.masdecadenet.fr\/index.php\/en\/grandegarde-2\/\" target=\"_blank\" class=\"icon icon_tumblr tip-top\" onclick=\"window.open(this.href,this.title,'width=500,height=500,top=300px,left=300px');  return false;\"  rel=\"nofollow\" title=\"Share on Tumblr\"><span class=\"icon-tumblr\"><\/span><\/a>\t\t    <\/div>\n\n    \n    \n","protected":false},"excerpt":{"rendered":"<p>&nbsp;<\/p>\n","protected":false},"author":1,"featured_media":0,"parent":0,"menu_order":0,"comment_status":"closed","ping_status":"closed","template":"","meta":{"footnotes":""},"class_list":["post-884","page","type-page","status-publish","hentry"],"_links":{"self":[{"href":"https:\/\/www.masdecadenet.fr\/index.php\/wp-json\/wp\/v2\/pages\/884","targetHints":{"allow":["GET"]}}],"collection":[{"href":"https:\/\/www.masdecadenet.fr\/index.php\/wp-json\/wp\/v2\/pages"}],"about":[{"href":"https:\/\/www.masdecadenet.fr\/index.php\/wp-json\/wp\/v2\/types\/page"}],"author":[{"embeddable":true,"href":"https:\/\/www.masdecadenet.fr\/index.php\/wp-json\/wp\/v2\/users\/1"}],"replies":[{"embeddable":true,"href":"https:\/\/www.masdecadenet.fr\/index.php\/wp-json\/wp\/v2\/comments?post=884"}],"version-history":[{"count":16,"href":"https:\/\/www.masdecadenet.fr\/index.php\/wp-json\/wp\/v2\/pages\/884\/revisions"}],"predecessor-version":[{"id":2367,"href":"https:\/\/www.masdecadenet.fr\/index.php\/wp-json\/wp\/v2\/pages\/884\/revisions\/2367"}],"wp:attachment":[{"href":"https:\/\/www.masdecadenet.fr\/index.php\/wp-json\/wp\/v2\/media?parent=884"}],"curies":[{"name":"wp","href":"https:\/\/api.w.org\/{rel}","templated":true}]}}