{"id":888,"date":"2016-12-01T23:24:16","date_gmt":"2016-12-01T22:24:16","guid":{"rendered":"http:\/\/www.masdecadenet.fr\/?page_id=888"},"modified":"2021-04-29T15:33:21","modified_gmt":"2021-04-29T14:33:21","slug":"vin-cuit-de-provence-2","status":"publish","type":"page","link":"https:\/\/www.masdecadenet.fr\/index.php\/en\/vin-cuit-de-provence-2\/","title":{"rendered":"VIN CUIT"},"content":{"rendered":"   <div id=\"banner_2050159269\" class=\"ux_banner light    \"  style=\"height:300px; \" data-height=\"300px\" role=\"banner\">\n                                  <div class=\"banner-bg \"  style=\"background-image:url('https:\/\/www.masdecadenet.fr\/wp-content\/uploads\/2016\/11\/vincuit-1600x600.jpg'); \"><img decoding=\"async\" src=\"https:\/\/www.masdecadenet.fr\/wp-content\/uploads\/2016\/11\/vincuit-1600x600.jpg\"  alt=\"\" style=\"visibility:hidden;\" \/><\/div>\n                             <div class=\"row\" >\n          <div class=\"inner left center text-center text-boxed\"  style=\"width:35%;\">\n            <div class=\"inner-wrap animated fadeIn\" style=\"background-color:rgba(255,255,255,0.9); padding:30px\">\n              <h5 class=\"alt-font thin-font\" style=\"text-align: right;\">A legendary dessert wine served in Provence for Christmas.<br \/>\nThis slow cooked wine reveals unusual toffee and smoky aromas with a perfect balance.<\/h5>\n            <\/div>\n          <\/div>  \n        <\/div>\n                     <\/div><!-- end .ux_banner -->\n\n<hr class=\"wp-block-separator\"\/>\n\t<div  class=\"row container \">\n<div class=\"small-12    large-4  columns   \"  ><div class=\"column-inner\"  >\n<p><img loading=\"lazy\" decoding=\"async\" class=\"alignnone size-full wp-image-770\" src=\"http:\/\/www.masdecadenet.fr\/wp-content\/uploads\/2016\/07\/cuit2.jpg\" alt=\"cuit2\" width=\"340\" height=\"510\"><\/p>\n<\/div><\/div>\n<div class=\"small-12    large-8  columns   \"  ><div class=\"column-inner\"  >\n<p style=\"text-align: justify;\"><strong>HISTOIRY<\/strong><br \/>\nThe \u201cVin Cuit\u201d, cooked wine, is a tradition from Aix-en-Provence. The production of this long forgotten wine almost came to an end. Only a few old families of winemakers kept making this mythical wine. The Vin Cuit is served for Christmas in Provence. It is drunk during the ceremony of \u201ccacho-fio\u201d and with the famous 13 desserts of Provence like the \u201cgibassier\u201d, nougat, dried fruits, calissons&#8230; \u00e0 Aix en Provence, le vin cuit fait partie de la tradition proven\u00e7ale. Ce vin mythique a \u00e9t\u00e9 oubli\u00e9 et sa production a presque disparu. Seuls quelques vieilles familles vigneronnes ont su conserver ce vin l\u00e9gendaire.<br \/>\n<strong>VINIFICATION<\/strong><br \/>\nThe must is cooked in a cauldron over a wood fire. Once the must has reduced, the fermentation will take place in a vat. It is then aged for a few years in old oak barrels.<br \/>\n<strong>TASTING NOTES<\/strong><br \/>\nA deep amber colour with its aromatic nose and a rich bouquet of toffee, citrus, prunes, dried apricots, dry nuts&#8230; The mouth is full and round. The sweetness comes first, alcohol and vibrancy follow to give length and density. On the finish aromas of prunes and dried fruits again with its specific smoky notes due to the wood fire. Chocolate, pastries, sweets are the pairing of choice.<br \/>\n<strong>BOTTLE SIZE<\/strong><br \/>\n50cl \/ 150cl<\/p>\n<h5 class=\"alt-font thin-font\" style=\"text-align: right;\">Download technical file<\/h5>\n<\/div><\/div>\n<\/div>\n  \n\n\t\t<div class=\"social-icons share-row\">\n\t\t\t\t<a href=\"whatsapp:\/\/send?text=VIN%2520CUIT%20-%20https%3A%2F%2Fwww.masdecadenet.fr%2Findex.php%2Fen%2Fvin-cuit-de-provence-2%2F\" data-action=\"share\/whatsapp\/share\" class=\"icon icon_whatsapp tip-top\" rel=\"nofollow\" title=\"Share on WhatsApp\"><span class=\"icon-phone\" \/><\/a>\t\t<a href=\"http:\/\/www.facebook.com\/sharer.php?u=https:\/\/www.masdecadenet.fr\/index.php\/en\/vin-cuit-de-provence-2\/\" onclick=\"window.open(this.href,this.title,'width=500,height=500,top=300px,left=300px');  return false;\"  rel=\"nofollow\" target=\"_blank\" class=\"icon icon_facebook tip-top\" title=\"Share on Facebook\"><span class=\"icon-facebook\"><\/span><\/a>\t\t<a href=\"https:\/\/twitter.com\/share?url=https:\/\/www.masdecadenet.fr\/index.php\/en\/vin-cuit-de-provence-2\/\" onclick=\"window.open(this.href,this.title,'width=500,height=500,top=300px,left=300px');  return false;\"  rel=\"nofollow\" target=\"_blank\" class=\"icon icon_twitter tip-top\" title=\"Share on Twitter\"><span class=\"icon-twitter\"><\/span><\/a>\t\t<a href=\"mailto:enteryour@addresshere.com?subject=VIN%20CUIT&amp;body=Check%20this%20out:%20https:\/\/www.masdecadenet.fr\/index.php\/en\/vin-cuit-de-provence-2\/\" rel=\"nofollow\" class=\"icon icon_email tip-top\" title=\"Email to a Friend\"><span class=\"icon-envelop\"><\/span><\/a>\t\t<a href=\"\/\/www.linkedin.com\/shareArticle?mini=true&url=https:\/\/www.masdecadenet.fr\/index.php\/en\/vin-cuit-de-provence-2\/&title=VIN%20CUIT\" onclick=\"window.open(this.href,this.title,'width=500,height=500,top=300px,left=300px');  return false;\"  rel=\"nofollow\" target=\"_blank\" class=\"icon icon_linkedin tip-top\" title=\"Share on LinkedIn\"><span class=\"icon-linkedin\"><\/span><\/a>\t\t<a href=\"\/\/pinterest.com\/pin\/create\/button\/?url=https:\/\/www.masdecadenet.fr\/index.php\/en\/vin-cuit-de-provence-2\/&amp;media=&amp;description=VIN%20CUIT\" onclick=\"window.open(this.href,this.title,'width=500,height=500,top=300px,left=300px');  return false;\"  rel=\"nofollow\" target=\"_blank\" class=\"icon icon_pintrest tip-top\" title=\"Pin on Pinterest\"><span class=\"icon-pinterest\"><\/span><\/a>\t\t<a href=\"\/\/plus.google.com\/share?url=https:\/\/www.masdecadenet.fr\/index.php\/en\/vin-cuit-de-provence-2\/\" target=\"_blank\" class=\"icon icon_googleplus tip-top\" onclick=\"window.open(this.href,this.title,'width=500,height=500,top=300px,left=300px');  return false;\"  rel=\"nofollow\" title=\"Share on Google+\"><span class=\"icon-google-plus\"><\/span><\/a>\t\t<a href=\"\/\/tumblr.com\/widgets\/share\/tool?canonicalUrl=https:\/\/www.masdecadenet.fr\/index.php\/en\/vin-cuit-de-provence-2\/\" target=\"_blank\" class=\"icon icon_tumblr tip-top\" onclick=\"window.open(this.href,this.title,'width=500,height=500,top=300px,left=300px');  return false;\"  rel=\"nofollow\" title=\"Share on Tumblr\"><span class=\"icon-tumblr\"><\/span><\/a>\t\t    <\/div>\n\n    \n    \n","protected":false},"excerpt":{"rendered":"","protected":false},"author":1,"featured_media":0,"parent":0,"menu_order":0,"comment_status":"closed","ping_status":"closed","template":"","meta":{"footnotes":""},"class_list":["post-888","page","type-page","status-publish","hentry"],"_links":{"self":[{"href":"https:\/\/www.masdecadenet.fr\/index.php\/wp-json\/wp\/v2\/pages\/888","targetHints":{"allow":["GET"]}}],"collection":[{"href":"https:\/\/www.masdecadenet.fr\/index.php\/wp-json\/wp\/v2\/pages"}],"about":[{"href":"https:\/\/www.masdecadenet.fr\/index.php\/wp-json\/wp\/v2\/types\/page"}],"author":[{"embeddable":true,"href":"https:\/\/www.masdecadenet.fr\/index.php\/wp-json\/wp\/v2\/users\/1"}],"replies":[{"embeddable":true,"href":"https:\/\/www.masdecadenet.fr\/index.php\/wp-json\/wp\/v2\/comments?post=888"}],"version-history":[{"count":7,"href":"https:\/\/www.masdecadenet.fr\/index.php\/wp-json\/wp\/v2\/pages\/888\/revisions"}],"predecessor-version":[{"id":2294,"href":"https:\/\/www.masdecadenet.fr\/index.php\/wp-json\/wp\/v2\/pages\/888\/revisions\/2294"}],"wp:attachment":[{"href":"https:\/\/www.masdecadenet.fr\/index.php\/wp-json\/wp\/v2\/media?parent=888"}],"curies":[{"name":"wp","href":"https:\/\/api.w.org\/{rel}","templated":true}]}}